{"id":54,"date":"2025-04-15T07:03:08","date_gmt":"2025-04-15T07:03:08","guid":{"rendered":"https:\/\/nordic.casethemes.net\/?page_id=54"},"modified":"2026-03-17T17:16:14","modified_gmt":"2026-03-17T14:16:14","slug":"contact-us","status":"publish","type":"page","link":"https:\/\/cizgiicmimarlik.com\/en\/contact-us\/","title":{"rendered":"CONTACT US"},"content":{"rendered":"\t\t<div data-elementor-type=\"wp-page\" data-elementor-id=\"54\" class=\"elementor elementor-54\">\n\t\t\t\t<div class=\"elementor-element elementor-element-28d5e50 e-flex e-con-boxed pxl-column-none pxl-row-scroll-none pxl-zoom-point-false pxl-section-overflow-visible pxl-section-fix-none pxl-full-content-with-space-none pxl-bg-color-none pxl-section-overlay-none e-con e-parent \" data-id=\"28d5e50\" data-element_type=\"container\" data-e-type=\"container\" data-settings=\"{&quot;background_background&quot;:&quot;classic&quot;}\">\t\t\t<div class=\"e-con-inner\">\r\n\t\t<div class=\"elementor-element elementor-element-3604e6b e-con-full e-flex pxl-column-none pxl-row-scroll-none pxl-zoom-point-false pxl-section-overflow-visible pxl-section-fix-none pxl-full-content-with-space-none pxl-bg-color-none pxl-section-overlay-none e-con e-child \" data-id=\"3604e6b\" data-element_type=\"container\" data-e-type=\"container\" data-settings=\"{&quot;background_background&quot;:&quot;classic&quot;}\"><div class=\"elementor-element elementor-element-69c6f0d e-con-full e-flex pxl-column-none pxl-row-scroll-none pxl-zoom-point-false pxl-section-overflow-visible pxl-section-fix-none pxl-full-content-with-space-none pxl-bg-color-none pxl-section-overlay-none e-con e-child \" data-id=\"69c6f0d\" data-element_type=\"container\" data-e-type=\"container\"><div class=\"elementor-element elementor-element-8b2cbbe e-con-full e-flex pxl-column-none pxl-row-scroll-none pxl-zoom-point-false pxl-section-overflow-visible pxl-section-fix-none pxl-full-content-with-space-none pxl-bg-color-none pxl-section-overlay-none e-con e-child \" data-id=\"8b2cbbe\" data-element_type=\"container\" data-e-type=\"container\">\t\t<div class=\"elementor-element elementor-element-2320646 elementor-widget elementor-widget-pxl_heading\" data-id=\"2320646\" data-element_type=\"widget\" data-e-type=\"widget\" data-widget_type=\"pxl_heading.default\">\n\t\t\t\t<div class=\"elementor-widget-container\">\n\t\t\t\t\t\n<div id=\"pxl-pxl_heading-2320646-4569\" class=\"pxl-heading px-sub-title-default-style \">\n\t<div class=\"pxl-heading--inner\">\n\t\t<div class=\"pxl-heading-content\">\n\t\t\t\n\t\t\t<h3 class=\"pxl-item--title clip style-default highlight-default \" data-wow-delay=\"ms\">\n\t\t\t\t\n\t\t\t\t\n\t\t\t\t\t\t\t\t\tCONTACT US\t\n\t\t\t\t\t\n\t\t\t<\/h3>\n\t\t<\/div>\n\t<\/div>\n<\/div>\t\t\t\t<\/div>\n\t\t\t\t<\/div>\n\t\t\t\t<div class=\"elementor-element elementor-element-f9f9125 elementor-widget__width-initial elementor-absolute elementor-widget elementor-widget-pxl_border_animate\" data-id=\"f9f9125\" data-element_type=\"widget\" data-e-type=\"widget\" data-settings=\"{&quot;_position&quot;:&quot;absolute&quot;}\" data-widget_type=\"pxl_border_animate.default\">\n\t\t\t\t<div class=\"elementor-widget-container\">\n\t\t\t\t\t<div class=\"pxl-border-animate pxl-border-animate1 default\">\r\n  <div class=\"pxl-border-inner \" data-wow-delay=\"ms\"><\/div>\r\n<\/div>\t\t\t\t<\/div>\n\t\t\t\t<\/div>\n\t\t\t\t<div class=\"elementor-element elementor-element-21c4c36 elementor-widget__width-initial elementor-absolute elementor-widget elementor-widget-pxl_border_animate\" data-id=\"21c4c36\" data-element_type=\"widget\" data-e-type=\"widget\" data-settings=\"{&quot;_position&quot;:&quot;absolute&quot;}\" data-widget_type=\"pxl_border_animate.default\">\n\t\t\t\t<div class=\"elementor-widget-container\">\n\t\t\t\t\t<div class=\"pxl-border-animate pxl-border-animate1 default\">\r\n  <div class=\"pxl-border-inner \" data-wow-delay=\"ms\"><\/div>\r\n<\/div>\t\t\t\t<\/div>\n\t\t\t\t<\/div>\n\t\t\t\t<\/div>\r\n\t\t<div class=\"elementor-element elementor-element-c24533b e-con-full e-flex pxl-column-none pxl-row-scroll-none pxl-zoom-point-false pxl-section-overflow-visible pxl-section-fix-none pxl-full-content-with-space-none pxl-bg-color-none pxl-section-overlay-none e-con e-child \" data-id=\"c24533b\" data-element_type=\"container\" data-e-type=\"container\">\t\t<div class=\"elementor-element elementor-element-720c434 elementor-widget elementor-widget-pxl_text_editor\" data-id=\"720c434\" data-element_type=\"widget\" data-e-type=\"widget\" data-widget_type=\"pxl_text_editor.default\">\n\t\t\t\t<div class=\"elementor-widget-container\">\n\t\t\t\t\t<div class=\"pxl-text-editor\">\n\t<div class=\"pxl-item--inner style-default \" data-wow-delay=\"ms\">\n\t\t<p>Do you have a project but don&#8217;t know how to structure it? Write to us and we&#8217;ll contact you as soon as possible.<\/p>\t\t\n\t<\/div>\n<\/div>\t\t\t\t<\/div>\n\t\t\t\t<\/div>\n\t\t\t\t<div class=\"elementor-element elementor-element-15e3e39 elementor-widget elementor-widget-pxl_contact_form\" data-id=\"15e3e39\" data-element_type=\"widget\" data-e-type=\"widget\" data-widget_type=\"pxl_contact_form.default\">\n\t\t\t\t<div class=\"elementor-widget-container\">\n\t\t\t\t\t    <div class=\"pxl-contact-form pxl-contact-form1 btn-w-full \" data-wow-delay=\"ms\">\r\n        \n<div class=\"wpcf7 no-js\" id=\"wpcf7-f9-o1\" lang=\"tr-TR\" dir=\"ltr\" data-wpcf7-id=\"9\">\n<div class=\"screen-reader-response\"><p role=\"status\" aria-live=\"polite\" aria-atomic=\"true\"><\/p> <ul><\/ul><\/div>\n<form action=\"\/en\/wp-json\/wp\/v2\/pages\/54#wpcf7-f9-o1\" method=\"post\" class=\"wpcf7-form init\" aria-label=\"\u0130leti\u015fim Formu\" novalidate=\"novalidate\" data-status=\"init\">\n<fieldset class=\"hidden-fields-container\"><input type=\"hidden\" name=\"_wpcf7\" value=\"9\" \/><input type=\"hidden\" name=\"_wpcf7_version\" value=\"6.1.5\" \/><input type=\"hidden\" name=\"_wpcf7_locale\" value=\"tr_TR\" \/><input type=\"hidden\" name=\"_wpcf7_unit_tag\" value=\"wpcf7-f9-o1\" \/><input type=\"hidden\" name=\"_wpcf7_container_post\" value=\"0\" \/><input type=\"hidden\" name=\"_wpcf7_posted_data_hash\" value=\"\" \/>\n<\/fieldset>\n<p><label> Your Name<br \/>\n<span class=\"wpcf7-form-control-wrap\" data-name=\"your-name\"><input size=\"40\" maxlength=\"400\" class=\"wpcf7-form-control wpcf7-text wpcf7-validates-as-required\" autocomplete=\"name\" aria-required=\"true\" aria-invalid=\"false\" value=\"\" type=\"text\" name=\"your-name\" \/><\/span> <\/label>\n<\/p>\n<p><label> Your Email<br \/>\n<span class=\"wpcf7-form-control-wrap\" data-name=\"your-email\"><input size=\"40\" maxlength=\"400\" class=\"wpcf7-form-control wpcf7-email wpcf7-validates-as-required wpcf7-text wpcf7-validates-as-email\" autocomplete=\"email\" aria-required=\"true\" aria-invalid=\"false\" value=\"\" type=\"email\" name=\"your-email\" \/><\/span> <\/label>\n<\/p>\n<p><label> Message<br \/>\n<span class=\"wpcf7-form-control-wrap\" data-name=\"your-message\"><textarea cols=\"40\" rows=\"10\" maxlength=\"2000\" class=\"wpcf7-form-control wpcf7-textarea\" aria-invalid=\"false\" name=\"your-message\"><\/textarea><\/span> <\/label>\n<\/p>\n<p><input class=\"wpcf7-form-control wpcf7-submit has-spinner\" type=\"submit\" value=\"Send\" \/>\n<\/p><div class=\"wpcf7-response-output\" aria-hidden=\"true\"><\/div>\n<\/form>\n<\/div>\n    <\/div>\r\n\t\t\t\t<\/div>\n\t\t\t\t<\/div>\n\t\t\t\t<\/div>\r\n\t\t\t\t<\/div>\r\n\t\t<div class=\"elementor-element elementor-element-b7498b8 e-con-full e-flex pxl-column-none pxl-row-scroll-none pxl-zoom-point-false pxl-section-overflow-visible pxl-section-fix-none pxl-full-content-with-space-none pxl-bg-color-none pxl-section-overlay-none e-con e-child \" data-id=\"b7498b8\" data-element_type=\"container\" data-e-type=\"container\"><div class=\"elementor-element elementor-element-660667d e-con-full e-flex pxl-column-none pxl-row-scroll-none pxl-zoom-point-false pxl-section-overflow-visible pxl-section-fix-none pxl-full-content-with-space-none pxl-bg-color-none pxl-section-overlay-none e-con e-child \" data-id=\"660667d\" data-element_type=\"container\" data-e-type=\"container\"><div class=\"elementor-element elementor-element-f6e158d e-con-full e-flex pxl-column-none pxl-row-scroll-none pxl-zoom-point-false pxl-section-overflow-visible pxl-section-fix-none pxl-full-content-with-space-none pxl-bg-color-none pxl-section-overlay-none e-con e-child \" data-id=\"f6e158d\" data-element_type=\"container\" data-e-type=\"container\">\t\t<div class=\"elementor-element elementor-element-78e0b0d elementor-widget elementor-widget-pxl_text_editor\" data-id=\"78e0b0d\" data-element_type=\"widget\" data-e-type=\"widget\" data-widget_type=\"pxl_text_editor.default\">\n\t\t\t\t<div class=\"elementor-widget-container\">\n\t\t\t\t\t<div class=\"pxl-text-editor\">\n\t<div class=\"pxl-item--inner style-default \" data-wow-delay=\"ms\">\n\t\t<p>Address:<\/p>\t\t\n\t<\/div>\n<\/div>\t\t\t\t<\/div>\n\t\t\t\t<\/div>\n\t\t\t\t<div class=\"elementor-element elementor-element-e62c506 elementor-widget elementor-widget-pxl_text_editor\" data-id=\"e62c506\" data-element_type=\"widget\" data-e-type=\"widget\" data-widget_type=\"pxl_text_editor.default\">\n\t\t\t\t<div class=\"elementor-widget-container\">\n\t\t\t\t\t<div class=\"pxl-text-editor\">\n\t<div class=\"pxl-item--inner style-default \" data-wow-delay=\"ms\">\n\t\t<p>K\u00fc\u00e7\u00fck Bebek Cad. Yeni Yol \u00c7\u0131kmaz\u0131 No:1 D:7 <br \/>34342 Bebek <br \/>Be\u015fikta\u015f \/ \u0130stanbul<\/p>\t\t\n\t<\/div>\n<\/div>\t\t\t\t<\/div>\n\t\t\t\t<\/div>\n\t\t\t\t<\/div>\r\n\t\t<div class=\"elementor-element elementor-element-d5ab21a e-con-full e-flex pxl-column-none pxl-row-scroll-none pxl-zoom-point-false pxl-section-overflow-visible pxl-section-fix-none pxl-full-content-with-space-none pxl-bg-color-none pxl-section-overlay-none e-con e-child \" data-id=\"d5ab21a\" data-element_type=\"container\" data-e-type=\"container\">\t\t<div class=\"elementor-element elementor-element-aa03be9 elementor-widget elementor-widget-pxl_text_editor\" data-id=\"aa03be9\" data-element_type=\"widget\" data-e-type=\"widget\" data-widget_type=\"pxl_text_editor.default\">\n\t\t\t\t<div class=\"elementor-widget-container\">\n\t\t\t\t\t<div class=\"pxl-text-editor\">\n\t<div class=\"pxl-item--inner style-default \" data-wow-delay=\"ms\">\n\t\t<p>Contact Us<\/p>\t\t\n\t<\/div>\n<\/div>\t\t\t\t<\/div>\n\t\t\t\t<\/div>\n\t\t\t\t<div class=\"elementor-element elementor-element-86957db elementor-widget elementor-widget-pxl_text_editor\" data-id=\"86957db\" data-element_type=\"widget\" data-e-type=\"widget\" data-widget_type=\"pxl_text_editor.default\">\n\t\t\t\t<div class=\"elementor-widget-container\">\n\t\t\t\t\t<div class=\"pxl-text-editor\">\n\t<div class=\"pxl-item--inner style-default \" data-wow-delay=\"ms\">\n\t\t<p>Telefon: <a href=\"tel:+90 212 351 17 00\">+90 212 351 17 00<\/a><br \/>Telefon: <a href=\"tel:+90 532 246 32 85\">+90 532 246 32 85<\/a><br \/>Email: <a href=\"mailto:info@cizgiicmimarlik.com\">info@cizgiarch.com<\/a><\/p>\t\t\n\t<\/div>\n<\/div>\t\t\t\t<\/div>\n\t\t\t\t<\/div>\n\t\t\t\t<\/div>\r\n\t\t\t\t<\/div>\r\n\t\t<div class=\"elementor-element elementor-element-918b869 e-con-full e-flex pxl-column-none pxl-row-scroll-none pxl-zoom-point-false pxl-section-overflow-visible pxl-section-fix-none pxl-full-content-with-space-none pxl-bg-color-none pxl-section-overlay-none e-con e-child \" data-id=\"918b869\" data-element_type=\"container\" data-e-type=\"container\"><div class=\"elementor-element elementor-element-4fe1e91 e-con-full e-flex pxl-column-none pxl-row-scroll-none pxl-zoom-point-false pxl-section-overflow-visible pxl-section-fix-none pxl-full-content-with-space-none pxl-bg-color-none pxl-section-overlay-none e-con e-child \" data-id=\"4fe1e91\" data-element_type=\"container\" data-e-type=\"container\">\t\t<div class=\"elementor-element elementor-element-b013e1f elementor-widget elementor-widget-pxl_text_editor\" data-id=\"b013e1f\" data-element_type=\"widget\" data-e-type=\"widget\" data-widget_type=\"pxl_text_editor.default\">\n\t\t\t\t<div class=\"elementor-widget-container\">\n\t\t\t\t\t<div class=\"pxl-text-editor\">\n\t<div class=\"pxl-item--inner style-default \" data-wow-delay=\"ms\">\n\t\t<p>\u00c7\u0130ZG\u0130 ARCHITECTS @ Sosyal Media<\/p>\t\t\n\t<\/div>\n<\/div>\t\t\t\t<\/div>\n\t\t\t\t<\/div>\n\t\t<div class=\"elementor-element elementor-element-376b02f e-con-full e-flex pxl-column-none pxl-row-scroll-none pxl-zoom-point-false pxl-section-overflow-visible pxl-section-fix-none pxl-full-content-with-space-none pxl-bg-color-none pxl-section-overlay-none e-con e-child \" data-id=\"376b02f\" data-element_type=\"container\" data-e-type=\"container\">\t\t<div class=\"elementor-element elementor-element-8590b2b elementor-widget elementor-widget-pxl_icon\" data-id=\"8590b2b\" data-element_type=\"widget\" data-e-type=\"widget\" data-widget_type=\"pxl_icon.default\">\n\t\t\t\t<div class=\"elementor-widget-container\">\n\t\t\t\t\t    <div class=\"pxl-icon-list pxl-icon1 wow rollRight icon-style2\" data-wow-delay=\"500ms\">\r\n                                    <a class=\"elementor-repeater-item-fd8ab11 pxl-mr-22\" href=\"#\">\r\n                    <i aria-hidden=\"true\" class=\"fab fa-facebook-f\"><\/i>                <\/a>\r\n                        <\/div>\r\n\t\t\t\t<\/div>\n\t\t\t\t<\/div>\n\t\t\t\t<div class=\"elementor-element elementor-element-cd4165b elementor-widget elementor-widget-pxl_icon\" data-id=\"cd4165b\" data-element_type=\"widget\" data-e-type=\"widget\" data-widget_type=\"pxl_icon.default\">\n\t\t\t\t<div class=\"elementor-widget-container\">\n\t\t\t\t\t    <div class=\"pxl-icon-list pxl-icon1 wow rollRight icon-style2\" data-wow-delay=\"500ms\">\r\n                                    <a class=\"elementor-repeater-item-fd8ab11 pxl-mr-22\" href=\"https:\/\/www.instagram.com\/cizgiarchitects\/](https:\/\/www.instagram.com\/cizgiarchitects\/\">\r\n                    <i aria-hidden=\"true\" class=\"fab fa-instagram\"><\/i>                <\/a>\r\n                        <\/div>\r\n\t\t\t\t<\/div>\n\t\t\t\t<\/div>\n\t\t\t\t<div class=\"elementor-element elementor-element-da43b95 elementor-widget elementor-widget-pxl_icon\" data-id=\"da43b95\" data-element_type=\"widget\" data-e-type=\"widget\" data-widget_type=\"pxl_icon.default\">\n\t\t\t\t<div class=\"elementor-widget-container\">\n\t\t\t\t\t    <div class=\"pxl-icon-list pxl-icon1 wow rollRight icon-style2\" data-wow-delay=\"500ms\">\r\n                                    <a class=\"elementor-repeater-item-fd8ab11 pxl-mr-22\" href=\"#\">\r\n                    <i aria-hidden=\"true\" class=\"fab fa-linkedin-in\"><\/i>                <\/a>\r\n                        <\/div>\r\n\t\t\t\t<\/div>\n\t\t\t\t<\/div>\n\t\t\t\t<div class=\"elementor-element elementor-element-71b76bb elementor-widget elementor-widget-pxl_icon\" data-id=\"71b76bb\" data-element_type=\"widget\" data-e-type=\"widget\" data-widget_type=\"pxl_icon.default\">\n\t\t\t\t<div class=\"elementor-widget-container\">\n\t\t\t\t\t    <div class=\"pxl-icon-list pxl-icon1 wow rollRight icon-style2\" data-wow-delay=\"500ms\">\r\n                                    <a class=\"elementor-repeater-item-fd8ab11 pxl-mr-22\" href=\"#\">\r\n                    <i aria-hidden=\"true\" class=\"fab fa-youtube\"><\/i>                <\/a>\r\n                        <\/div>\r\n\t\t\t\t<\/div>\n\t\t\t\t<\/div>\n\t\t\t\t<\/div>\r\n\t\t\t\t<\/div>\r\n\t\t\t\t<\/div>\r\n\t\t<div class=\"elementor-element elementor-element-c9139f1 e-con-full e-flex pxl-column-none pxl-row-scroll-none pxl-zoom-point-false pxl-section-overflow-visible pxl-section-fix-none pxl-full-content-with-space-none pxl-bg-color-none pxl-section-overlay-none e-con e-child \" data-id=\"c9139f1\" data-element_type=\"container\" data-e-type=\"container\">\t\t<div class=\"elementor-element elementor-element-48cffad elementor-widget elementor-widget-google_maps\" data-id=\"48cffad\" data-element_type=\"widget\" data-e-type=\"widget\" data-widget_type=\"google_maps.default\">\n\t\t\t\t\t\t\t<div class=\"elementor-custom-embed\">\n\t\t\t<iframe loading=\"lazy\"\n\t\t\t\t\tsrc=\"https:\/\/maps.google.com\/maps?q=%20%C3%87izgi%20Architects&#038;t=m&#038;z=15&#038;output=embed&#038;iwloc=near\"\n\t\t\t\t\ttitle=\" \u00c7izgi Architects\"\n\t\t\t\t\taria-label=\" \u00c7izgi Architects\"\n\t\t\t><\/iframe>\n\t\t<\/div>\n\t\t\t\t\t\t<\/div>\n\t\t\t\t<\/div>\r\n\t\t\t\t<\/div>\r\n\t\t\t\t<\/div>\r\n\t\t\t\t\t<\/div>\r\n\t\t\t\t<\/div>\r\n\t\t\t\t<\/div>\n\t\t","protected":false},"excerpt":{"rendered":"<p>CONTACT US Do you have a project but don&#8217;t know how to structure it? Write to us and we&#8217;ll contact you as soon as possible. Your Name Your Email Message Address: K\u00fc\u00e7\u00fck Bebek Cad. Yeni Yol \u00c7\u0131kmaz\u0131 No:1 D:7 34342 Bebek Be\u015fikta\u015f \/ \u0130stanbul Contact Us Telefon: +90 212 351 17 00Telefon: +90 532 246 [&hellip;]<\/p>\n","protected":false},"author":1,"featured_media":0,"parent":0,"menu_order":0,"comment_status":"closed","ping_status":"closed","template":"","meta":{"footnotes":""},"class_list":["post-54","page","type-page","status-publish","hentry"],"yoast_head":"<!-- This site is optimized with the Yoast SEO plugin v27.2 - https:\/\/yoast.com\/product\/yoast-seo-wordpress\/ -->\n<title>CONTACT US - \u00c7izgi Architects<\/title>\n<meta name=\"robots\" content=\"index, follow, max-snippet:-1, max-image-preview:large, max-video-preview:-1\" \/>\n<link rel=\"canonical\" href=\"https:\/\/cizgiicmimarlik.com\/en\/contact-us\/\" \/>\n<meta property=\"og:locale\" content=\"tr_TR\" \/>\n<meta property=\"og:type\" content=\"article\" \/>\n<meta property=\"og:title\" content=\"CONTACT US - \u00c7izgi Architects\" \/>\n<meta property=\"og:description\" content=\"CONTACT US Do you have a project but don&#8217;t know how to structure it? Write to us and we&#8217;ll contact you as soon as possible. Your Name Your Email Message Address: K\u00fc\u00e7\u00fck Bebek Cad. Yeni Yol \u00c7\u0131kmaz\u0131 No:1 D:7 34342 Bebek Be\u015fikta\u015f \/ \u0130stanbul Contact Us Telefon: +90 212 351 17 00Telefon: +90 532 246 [&hellip;]\" \/>\n<meta property=\"og:url\" content=\"https:\/\/cizgiicmimarlik.com\/en\/contact-us\/\" \/>\n<meta property=\"og:site_name\" content=\"\u00c7izgi Architects\" \/>\n<meta property=\"article:modified_time\" content=\"2026-03-17T14:16:14+00:00\" \/>\n<meta name=\"twitter:card\" content=\"summary_large_image\" \/>\n<script type=\"application\/ld+json\" class=\"yoast-schema-graph\">{\"@context\":\"https:\/\/schema.org\",\"@graph\":[{\"@type\":\"WebPage\",\"@id\":\"https:\/\/cizgiicmimarlik.com\/en\/contact-us\/\",\"url\":\"https:\/\/cizgiicmimarlik.com\/en\/contact-us\/\",\"name\":\"CONTACT US - \u00c7izgi Architects\",\"isPartOf\":{\"@id\":\"https:\/\/cizgiicmimarlik.com\/en\/#website\"},\"datePublished\":\"2025-04-15T07:03:08+00:00\",\"dateModified\":\"2026-03-17T14:16:14+00:00\",\"breadcrumb\":{\"@id\":\"https:\/\/cizgiicmimarlik.com\/en\/contact-us\/#breadcrumb\"},\"inLanguage\":\"tr\",\"potentialAction\":[{\"@type\":\"ReadAction\",\"target\":[\"https:\/\/cizgiicmimarlik.com\/en\/contact-us\/\"]}]},{\"@type\":\"BreadcrumbList\",\"@id\":\"https:\/\/cizgiicmimarlik.com\/en\/contact-us\/#breadcrumb\",\"itemListElement\":[{\"@type\":\"ListItem\",\"position\":1,\"name\":\"Anasayfa\",\"item\":\"https:\/\/cizgiicmimarlik.com\/en\/\"},{\"@type\":\"ListItem\",\"position\":2,\"name\":\"CONTACT US\"}]},{\"@type\":\"WebSite\",\"@id\":\"https:\/\/cizgiicmimarlik.com\/en\/#website\",\"url\":\"https:\/\/cizgiicmimarlik.com\/en\/\",\"name\":\"\u00c7izgi Architects\",\"description\":\"ARCHITECTURE DESIGN CONSTRUCTION\",\"publisher\":{\"@id\":\"https:\/\/cizgiicmimarlik.com\/en\/#organization\"},\"potentialAction\":[{\"@type\":\"SearchAction\",\"target\":{\"@type\":\"EntryPoint\",\"urlTemplate\":\"https:\/\/cizgiicmimarlik.com\/en\/?s={search_term_string}\"},\"query-input\":{\"@type\":\"PropertyValueSpecification\",\"valueRequired\":true,\"valueName\":\"search_term_string\"}}],\"inLanguage\":\"tr\"},{\"@type\":\"Organization\",\"@id\":\"https:\/\/cizgiicmimarlik.com\/en\/#organization\",\"name\":\"\u00c7izgi Architects\",\"url\":\"https:\/\/cizgiicmimarlik.com\/en\/\",\"logo\":{\"@type\":\"ImageObject\",\"inLanguage\":\"tr\",\"@id\":\"https:\/\/cizgiicmimarlik.com\/en\/#\/schema\/logo\/image\/\",\"url\":\"https:\/\/cizgiicmimarlik.com\/en\/wp-content\/uploads\/sites\/2\/2025\/08\/cizgiArch-logo.png\",\"contentUrl\":\"https:\/\/cizgiicmimarlik.com\/en\/wp-content\/uploads\/sites\/2\/2025\/08\/cizgiArch-logo.png\",\"width\":320,\"height\":256,\"caption\":\"\u00c7izgi Architects\"},\"image\":{\"@id\":\"https:\/\/cizgiicmimarlik.com\/en\/#\/schema\/logo\/image\/\"}}]}<\/script>\n<!-- \/ Yoast SEO plugin. -->","yoast_head_json":{"title":"CONTACT US - \u00c7izgi Architects","robots":{"index":"index","follow":"follow","max-snippet":"max-snippet:-1","max-image-preview":"max-image-preview:large","max-video-preview":"max-video-preview:-1"},"canonical":"https:\/\/cizgiicmimarlik.com\/en\/contact-us\/","og_locale":"tr_TR","og_type":"article","og_title":"CONTACT US - \u00c7izgi Architects","og_description":"CONTACT US Do you have a project but don&#8217;t know how to structure it? Write to us and we&#8217;ll contact you as soon as possible. Your Name Your Email Message Address: K\u00fc\u00e7\u00fck Bebek Cad. Yeni Yol \u00c7\u0131kmaz\u0131 No:1 D:7 34342 Bebek Be\u015fikta\u015f \/ \u0130stanbul Contact Us Telefon: +90 212 351 17 00Telefon: +90 532 246 [&hellip;]","og_url":"https:\/\/cizgiicmimarlik.com\/en\/contact-us\/","og_site_name":"\u00c7izgi Architects","article_modified_time":"2026-03-17T14:16:14+00:00","twitter_card":"summary_large_image","schema":{"@context":"https:\/\/schema.org","@graph":[{"@type":"WebPage","@id":"https:\/\/cizgiicmimarlik.com\/en\/contact-us\/","url":"https:\/\/cizgiicmimarlik.com\/en\/contact-us\/","name":"CONTACT US - \u00c7izgi Architects","isPartOf":{"@id":"https:\/\/cizgiicmimarlik.com\/en\/#website"},"datePublished":"2025-04-15T07:03:08+00:00","dateModified":"2026-03-17T14:16:14+00:00","breadcrumb":{"@id":"https:\/\/cizgiicmimarlik.com\/en\/contact-us\/#breadcrumb"},"inLanguage":"tr","potentialAction":[{"@type":"ReadAction","target":["https:\/\/cizgiicmimarlik.com\/en\/contact-us\/"]}]},{"@type":"BreadcrumbList","@id":"https:\/\/cizgiicmimarlik.com\/en\/contact-us\/#breadcrumb","itemListElement":[{"@type":"ListItem","position":1,"name":"Anasayfa","item":"https:\/\/cizgiicmimarlik.com\/en\/"},{"@type":"ListItem","position":2,"name":"CONTACT US"}]},{"@type":"WebSite","@id":"https:\/\/cizgiicmimarlik.com\/en\/#website","url":"https:\/\/cizgiicmimarlik.com\/en\/","name":"\u00c7izgi Architects","description":"ARCHITECTURE DESIGN CONSTRUCTION","publisher":{"@id":"https:\/\/cizgiicmimarlik.com\/en\/#organization"},"potentialAction":[{"@type":"SearchAction","target":{"@type":"EntryPoint","urlTemplate":"https:\/\/cizgiicmimarlik.com\/en\/?s={search_term_string}"},"query-input":{"@type":"PropertyValueSpecification","valueRequired":true,"valueName":"search_term_string"}}],"inLanguage":"tr"},{"@type":"Organization","@id":"https:\/\/cizgiicmimarlik.com\/en\/#organization","name":"\u00c7izgi Architects","url":"https:\/\/cizgiicmimarlik.com\/en\/","logo":{"@type":"ImageObject","inLanguage":"tr","@id":"https:\/\/cizgiicmimarlik.com\/en\/#\/schema\/logo\/image\/","url":"https:\/\/cizgiicmimarlik.com\/en\/wp-content\/uploads\/sites\/2\/2025\/08\/cizgiArch-logo.png","contentUrl":"https:\/\/cizgiicmimarlik.com\/en\/wp-content\/uploads\/sites\/2\/2025\/08\/cizgiArch-logo.png","width":320,"height":256,"caption":"\u00c7izgi Architects"},"image":{"@id":"https:\/\/cizgiicmimarlik.com\/en\/#\/schema\/logo\/image\/"}}]}},"_links":{"self":[{"href":"https:\/\/cizgiicmimarlik.com\/en\/wp-json\/wp\/v2\/pages\/54","targetHints":{"allow":["GET"]}}],"collection":[{"href":"https:\/\/cizgiicmimarlik.com\/en\/wp-json\/wp\/v2\/pages"}],"about":[{"href":"https:\/\/cizgiicmimarlik.com\/en\/wp-json\/wp\/v2\/types\/page"}],"author":[{"embeddable":true,"href":"https:\/\/cizgiicmimarlik.com\/en\/wp-json\/wp\/v2\/users\/1"}],"replies":[{"embeddable":true,"href":"https:\/\/cizgiicmimarlik.com\/en\/wp-json\/wp\/v2\/comments?post=54"}],"version-history":[{"count":57,"href":"https:\/\/cizgiicmimarlik.com\/en\/wp-json\/wp\/v2\/pages\/54\/revisions"}],"predecessor-version":[{"id":16742,"href":"https:\/\/cizgiicmimarlik.com\/en\/wp-json\/wp\/v2\/pages\/54\/revisions\/16742"}],"wp:attachment":[{"href":"https:\/\/cizgiicmimarlik.com\/en\/wp-json\/wp\/v2\/media?parent=54"}],"curies":[{"name":"wp","href":"https:\/\/api.w.org\/{rel}","templated":true}]}}