{"id":3,"date":"2025-08-15T11:43:12","date_gmt":"2025-08-15T08:43:12","guid":{"rendered":"http:\/\/cizgiicmimarlik.com\/\/en\/?page_id=3"},"modified":"2026-02-17T12:39:39","modified_gmt":"2026-02-17T09:39:39","slug":"cookie-policy","status":"publish","type":"page","link":"https:\/\/cizgiicmimarlik.com\/en\/cookie-policy\/","title":{"rendered":"Cookie Policy"},"content":{"rendered":"\r\n<p style=\"text-align: center;\"><b>COOKIE POLICY<\/b><\/p>\r\n<p style=\"text-align: right;\"><b>13.02.2026<\/b><\/p>\r\n<p style=\"text-align: right;\"><b>\u00c7izgi \u0130\u00e7 Mimarl\u0131k\u00a0<br \/><\/b><b>K\u00fc\u00e7\u00fck Bebek Cad. Yeni Yol \u00c7\u0131kmaz\u0131 No:1 D:7<br \/><\/b><b>34342 Bebek<br \/><\/b><b>Be\u015fikta\u015f \/ \u0130stanbul\u00a0<br \/><\/b><b>https:\/\/www.cizgiicmimarlik.com\/<\/b><\/p>\r\n<h2 class=\"wp-block-heading\">\u00a0<\/h2>\r\n<p><span style=\"font-weight: 400;\">The Company is the owner of the website located at <\/span><b>www.cizgiicmimarlik.com\/<\/b><span style=\"font-weight: 400;\"> and all the pages and mobile applications affiliated with the website (\u201c<\/span><b>Website<\/b><span style=\"font-weight: 400;\">\u201d). The purpose of this Cookie Policy is to inform the visitors of the Website regarding which cookies are used on the Website and their purposes as well as how the visitors can set their cookie preferences on the Website.\u00a0<\/span><\/p>\r\n<p><b>What are cookies and why do we use them?\u00a0<\/b><\/p>\r\n<p><span style=\"font-weight: 400;\">Cookies are small text files that are sent by a website to user\u2019s device (computer or phone) and which are then stored in the main storage. Cookies allow a website to remember user\u2019s device and store information about their preferences.\u00a0<\/span><\/p>\r\n<p><b>Category 1- Statistics Cookies\u00a0<\/b><\/p>\r\n<p><span style=\"font-weight: 400;\">Statistic cookies serve to understand how the users are using a website, meaning for example which pages they visit or which links they click on a website.<\/span><\/p>\r\n<p><span style=\"font-weight: 400;\">We are using Google Universal Analytics in order to understand the behaviours of the Website\u2019s visitors. Google Universal Analytics unanimously collects data regarding behaviours of the visitors and use them to prepare usage statistics of the Website.\u00a0<\/span><\/p>\r\n<p><b>Category 2: Marketing Cookies<\/b><\/p>\r\n<p><span style=\"font-weight: 400;\">Marketing\/targeting cookies collect information regarding browser habits of users and determine their points of interest and use the same for ads targeting. Third parties who receive such data present appropriate content and ads to the users.<\/span><\/p>\r\n<p><b>Retention Periods of Cookies<\/b><\/p>\r\n<p><span style=\"font-weight: 400;\">Cookies are classified in two categories regarding their retention period, namely session cookies and persistent cookies.\u00a0<\/span><\/p>\r\n<p><span style=\"font-weight: 400;\">Session Cookies<\/span><span style=\"font-weight: 400;\"> are stored during the browser session. Once the browser window is closed, session cookies are deleted.\u00a0<\/span><\/p>\r\n<p><span style=\"font-weight: 400;\">Persistent Cookies<\/span><span style=\"font-weight: 400;\"> last longer and are stored in your device between the sessions. Persistent cookies are used to remember the preferences of the users while they visit a website. Visitors can manually delete the persistent cookies from their browser settings.<\/span><\/p>\r\n<p><b>Your Preferences About Cookies<\/b><\/p>\r\n<p><span style=\"font-weight: 400;\">Most of the browsers are designed to accept the cookies; however, visitors can change the cookie settings of their browser. Visitors can also delete the cookies stored in their browser from the cookie settings.<\/span><\/p>\r\n<p><span style=\"font-weight: 400;\">Visitors can choose (i) to completely delete the cookies or (ii) to delete only the cookies sent from certain websites or (iii) to delete cookies related with a certain period of time.\u00a0 You can choose your preferences regarding the cookies sent by the Website through the Cookie Preferences.<\/span><\/p>","protected":false},"excerpt":{"rendered":"<p>COOKIE POLICY 13.02.2026 \u00c7izgi \u0130\u00e7 Mimarl\u0131k\u00a0K\u00fc\u00e7\u00fck Bebek Cad. Yeni Yol \u00c7\u0131kmaz\u0131 No:1 D:734342 BebekBe\u015fikta\u015f \/ \u0130stanbul\u00a0https:\/\/www.cizgiicmimarlik.com\/ \u00a0 The Company is the owner of the website located at www.cizgiicmimarlik.com\/ and all the pages and mobile applications affiliated with the website (\u201cWebsite\u201d). The purpose of this Cookie Policy is to inform the visitors of the Website regarding [&hellip;]<\/p>\n","protected":false},"author":1,"featured_media":0,"parent":0,"menu_order":0,"comment_status":"closed","ping_status":"open","template":"","meta":{"footnotes":""},"class_list":["post-3","page","type-page","status-publish","hentry"],"yoast_head":"<!-- This site is optimized with the Yoast SEO plugin v27.2 - https:\/\/yoast.com\/product\/yoast-seo-wordpress\/ -->\n<title>Cookie Policy - \u00c7izgi Architects<\/title>\n<meta name=\"robots\" content=\"index, follow, max-snippet:-1, max-image-preview:large, max-video-preview:-1\" \/>\n<link rel=\"canonical\" href=\"https:\/\/cizgiicmimarlik.com\/en\/cookie-policy\/\" \/>\n<meta property=\"og:locale\" content=\"tr_TR\" \/>\n<meta property=\"og:type\" content=\"article\" \/>\n<meta property=\"og:title\" content=\"Cookie Policy - \u00c7izgi Architects\" \/>\n<meta property=\"og:description\" content=\"COOKIE POLICY 13.02.2026 \u00c7izgi \u0130\u00e7 Mimarl\u0131k\u00a0K\u00fc\u00e7\u00fck Bebek Cad. Yeni Yol \u00c7\u0131kmaz\u0131 No:1 D:734342 BebekBe\u015fikta\u015f \/ \u0130stanbul\u00a0https:\/\/www.cizgiicmimarlik.com\/ \u00a0 The Company is the owner of the website located at www.cizgiicmimarlik.com\/ and all the pages and mobile applications affiliated with the website (\u201cWebsite\u201d). The purpose of this Cookie Policy is to inform the visitors of the Website regarding [&hellip;]\" \/>\n<meta property=\"og:url\" content=\"https:\/\/cizgiicmimarlik.com\/en\/cookie-policy\/\" \/>\n<meta property=\"og:site_name\" content=\"\u00c7izgi Architects\" \/>\n<meta property=\"article:modified_time\" content=\"2026-02-17T09:39:39+00:00\" \/>\n<meta name=\"twitter:card\" content=\"summary_large_image\" \/>\n<meta name=\"twitter:label1\" content=\"Tahmini okuma s\u00fcresi\" \/>\n\t<meta name=\"twitter:data1\" content=\"2 dakika\" \/>\n<script type=\"application\/ld+json\" class=\"yoast-schema-graph\">{\"@context\":\"https:\/\/schema.org\",\"@graph\":[{\"@type\":\"WebPage\",\"@id\":\"https:\/\/cizgiicmimarlik.com\/en\/cookie-policy\/\",\"url\":\"https:\/\/cizgiicmimarlik.com\/en\/cookie-policy\/\",\"name\":\"Cookie Policy - \u00c7izgi Architects\",\"isPartOf\":{\"@id\":\"https:\/\/cizgiicmimarlik.com\/en\/#website\"},\"datePublished\":\"2025-08-15T08:43:12+00:00\",\"dateModified\":\"2026-02-17T09:39:39+00:00\",\"breadcrumb\":{\"@id\":\"https:\/\/cizgiicmimarlik.com\/en\/cookie-policy\/#breadcrumb\"},\"inLanguage\":\"tr\",\"potentialAction\":[{\"@type\":\"ReadAction\",\"target\":[\"https:\/\/cizgiicmimarlik.com\/en\/cookie-policy\/\"]}]},{\"@type\":\"BreadcrumbList\",\"@id\":\"https:\/\/cizgiicmimarlik.com\/en\/cookie-policy\/#breadcrumb\",\"itemListElement\":[{\"@type\":\"ListItem\",\"position\":1,\"name\":\"Anasayfa\",\"item\":\"https:\/\/cizgiicmimarlik.com\/en\/\"},{\"@type\":\"ListItem\",\"position\":2,\"name\":\"Cookie Policy\"}]},{\"@type\":\"WebSite\",\"@id\":\"https:\/\/cizgiicmimarlik.com\/en\/#website\",\"url\":\"https:\/\/cizgiicmimarlik.com\/en\/\",\"name\":\"\u00c7izgi Architects\",\"description\":\"ARCHITECTURE DESIGN CONSTRUCTION\",\"publisher\":{\"@id\":\"https:\/\/cizgiicmimarlik.com\/en\/#organization\"},\"potentialAction\":[{\"@type\":\"SearchAction\",\"target\":{\"@type\":\"EntryPoint\",\"urlTemplate\":\"https:\/\/cizgiicmimarlik.com\/en\/?s={search_term_string}\"},\"query-input\":{\"@type\":\"PropertyValueSpecification\",\"valueRequired\":true,\"valueName\":\"search_term_string\"}}],\"inLanguage\":\"tr\"},{\"@type\":\"Organization\",\"@id\":\"https:\/\/cizgiicmimarlik.com\/en\/#organization\",\"name\":\"\u00c7izgi Architects\",\"url\":\"https:\/\/cizgiicmimarlik.com\/en\/\",\"logo\":{\"@type\":\"ImageObject\",\"inLanguage\":\"tr\",\"@id\":\"https:\/\/cizgiicmimarlik.com\/en\/#\/schema\/logo\/image\/\",\"url\":\"https:\/\/cizgiicmimarlik.com\/en\/wp-content\/uploads\/sites\/2\/2025\/08\/cizgiArch-logo.png\",\"contentUrl\":\"https:\/\/cizgiicmimarlik.com\/en\/wp-content\/uploads\/sites\/2\/2025\/08\/cizgiArch-logo.png\",\"width\":320,\"height\":256,\"caption\":\"\u00c7izgi Architects\"},\"image\":{\"@id\":\"https:\/\/cizgiicmimarlik.com\/en\/#\/schema\/logo\/image\/\"}}]}<\/script>\n<!-- \/ Yoast SEO plugin. -->","yoast_head_json":{"title":"Cookie Policy - \u00c7izgi Architects","robots":{"index":"index","follow":"follow","max-snippet":"max-snippet:-1","max-image-preview":"max-image-preview:large","max-video-preview":"max-video-preview:-1"},"canonical":"https:\/\/cizgiicmimarlik.com\/en\/cookie-policy\/","og_locale":"tr_TR","og_type":"article","og_title":"Cookie Policy - \u00c7izgi Architects","og_description":"COOKIE POLICY 13.02.2026 \u00c7izgi \u0130\u00e7 Mimarl\u0131k\u00a0K\u00fc\u00e7\u00fck Bebek Cad. Yeni Yol \u00c7\u0131kmaz\u0131 No:1 D:734342 BebekBe\u015fikta\u015f \/ \u0130stanbul\u00a0https:\/\/www.cizgiicmimarlik.com\/ \u00a0 The Company is the owner of the website located at www.cizgiicmimarlik.com\/ and all the pages and mobile applications affiliated with the website (\u201cWebsite\u201d). The purpose of this Cookie Policy is to inform the visitors of the Website regarding [&hellip;]","og_url":"https:\/\/cizgiicmimarlik.com\/en\/cookie-policy\/","og_site_name":"\u00c7izgi Architects","article_modified_time":"2026-02-17T09:39:39+00:00","twitter_card":"summary_large_image","twitter_misc":{"Tahmini okuma s\u00fcresi":"2 dakika"},"schema":{"@context":"https:\/\/schema.org","@graph":[{"@type":"WebPage","@id":"https:\/\/cizgiicmimarlik.com\/en\/cookie-policy\/","url":"https:\/\/cizgiicmimarlik.com\/en\/cookie-policy\/","name":"Cookie Policy - \u00c7izgi Architects","isPartOf":{"@id":"https:\/\/cizgiicmimarlik.com\/en\/#website"},"datePublished":"2025-08-15T08:43:12+00:00","dateModified":"2026-02-17T09:39:39+00:00","breadcrumb":{"@id":"https:\/\/cizgiicmimarlik.com\/en\/cookie-policy\/#breadcrumb"},"inLanguage":"tr","potentialAction":[{"@type":"ReadAction","target":["https:\/\/cizgiicmimarlik.com\/en\/cookie-policy\/"]}]},{"@type":"BreadcrumbList","@id":"https:\/\/cizgiicmimarlik.com\/en\/cookie-policy\/#breadcrumb","itemListElement":[{"@type":"ListItem","position":1,"name":"Anasayfa","item":"https:\/\/cizgiicmimarlik.com\/en\/"},{"@type":"ListItem","position":2,"name":"Cookie Policy"}]},{"@type":"WebSite","@id":"https:\/\/cizgiicmimarlik.com\/en\/#website","url":"https:\/\/cizgiicmimarlik.com\/en\/","name":"\u00c7izgi Architects","description":"ARCHITECTURE DESIGN CONSTRUCTION","publisher":{"@id":"https:\/\/cizgiicmimarlik.com\/en\/#organization"},"potentialAction":[{"@type":"SearchAction","target":{"@type":"EntryPoint","urlTemplate":"https:\/\/cizgiicmimarlik.com\/en\/?s={search_term_string}"},"query-input":{"@type":"PropertyValueSpecification","valueRequired":true,"valueName":"search_term_string"}}],"inLanguage":"tr"},{"@type":"Organization","@id":"https:\/\/cizgiicmimarlik.com\/en\/#organization","name":"\u00c7izgi Architects","url":"https:\/\/cizgiicmimarlik.com\/en\/","logo":{"@type":"ImageObject","inLanguage":"tr","@id":"https:\/\/cizgiicmimarlik.com\/en\/#\/schema\/logo\/image\/","url":"https:\/\/cizgiicmimarlik.com\/en\/wp-content\/uploads\/sites\/2\/2025\/08\/cizgiArch-logo.png","contentUrl":"https:\/\/cizgiicmimarlik.com\/en\/wp-content\/uploads\/sites\/2\/2025\/08\/cizgiArch-logo.png","width":320,"height":256,"caption":"\u00c7izgi Architects"},"image":{"@id":"https:\/\/cizgiicmimarlik.com\/en\/#\/schema\/logo\/image\/"}}]}},"_links":{"self":[{"href":"https:\/\/cizgiicmimarlik.com\/en\/wp-json\/wp\/v2\/pages\/3","targetHints":{"allow":["GET"]}}],"collection":[{"href":"https:\/\/cizgiicmimarlik.com\/en\/wp-json\/wp\/v2\/pages"}],"about":[{"href":"https:\/\/cizgiicmimarlik.com\/en\/wp-json\/wp\/v2\/types\/page"}],"author":[{"embeddable":true,"href":"https:\/\/cizgiicmimarlik.com\/en\/wp-json\/wp\/v2\/users\/1"}],"replies":[{"embeddable":true,"href":"https:\/\/cizgiicmimarlik.com\/en\/wp-json\/wp\/v2\/comments?post=3"}],"version-history":[{"count":1,"href":"https:\/\/cizgiicmimarlik.com\/en\/wp-json\/wp\/v2\/pages\/3\/revisions"}],"predecessor-version":[{"id":16727,"href":"https:\/\/cizgiicmimarlik.com\/en\/wp-json\/wp\/v2\/pages\/3\/revisions\/16727"}],"wp:attachment":[{"href":"https:\/\/cizgiicmimarlik.com\/en\/wp-json\/wp\/v2\/media?parent=3"}],"curies":[{"name":"wp","href":"https:\/\/api.w.org\/{rel}","templated":true}]}}