{"id":14751,"date":"2025-04-15T02:56:27","date_gmt":"2025-04-15T02:56:27","guid":{"rendered":"https:\/\/nordic.casethemes.net\/?page_id=3"},"modified":"2026-02-17T12:37:48","modified_gmt":"2026-02-17T09:37:48","slug":"privacy-policy","status":"publish","type":"page","link":"https:\/\/cizgiicmimarlik.com\/en\/privacy-policy\/","title":{"rendered":"Privacy Policy"},"content":{"rendered":"\r\n<p style=\"text-align: center;\"><b>PRIVACY &amp; PERSONAL DATA PROTECTION\u00a0<\/b><\/p>\r\n<p style=\"text-align: center;\"><b>AND PROCESSING POLICY (\u201cPRIVACY POLICY\u201d)<\/b><\/p>\r\n<p style=\"text-align: right;\"><b>\u00c7izgi \u0130\u00e7 Mimarl\u0131k\u00a0<br \/><\/b><b>K\u00fc\u00e7\u00fck Bebek Cad. Yeni Yol \u00c7\u0131kmaz\u0131 No:1 D:7<br \/><\/b><b>34342 Bebek<br \/><\/b><b>Be\u015fikta\u015f \/ \u0130stanbul\u00a0<br \/><\/b><b>https:\/\/www.cizgiicmimarlik.com\/<\/b><\/p>\r\n<p style=\"text-align: right;\"><b>13.02.2026<\/b><\/p>\r\n<p><span style=\"font-weight: 400;\">The Company is the owner of the website located at <\/span><b>https:\/\/www.cizgiicmimarlik.com\/<\/b><span style=\"font-weight: 400;\"> and all the pages and mobile applications affiliated with the website (\u201c<\/span><b>Website<\/b><span style=\"font-weight: 400;\">\u201d). The Company acts as the data controller regarding the personal data of the customers and users of the Website in accordance with the Personal Data Protection Law No. 6698 (\u201c<\/span><b>KVKK<\/b><span style=\"font-weight: 400;\">\u201d). The Company give utmost importance to privacy and protection of your personal data as the data controller. The purpose of this Privacy Policy is to inform the users and visitors of the Website regarding processing of personal data in compliance with Article 10 of KVKK.\u00a0<\/span><\/p>\r\n<p><span style=\"font-weight: 400;\">This Privacy Policy may be updated from time to time due to changes on our services or legal requirements.\u00a0 We recommend you check the Privacy Policy on a regular basis.\u00a0<\/span><\/p>\r\n<p><span style=\"font-weight: 400;\">\u201c<\/span><b>Company<\/b><span style=\"font-weight: 400;\">\u201d and \u201c<\/span><b>we<\/b><span style=\"font-weight: 400;\">\u201d and \u201c<\/span><b>us<\/b><span style=\"font-weight: 400;\">\u201d, means <\/span><b>\u00c7izgi \u0130\u00e7 Mimarl\u0131k<\/b><span style=\"font-weight: 400;\"> located at the address of K\u00fc\u00e7\u00fck<\/span><b> Bebek Cad. Yeni Yol \u00c7\u0131kmaz\u0131 No:1 D:7 34342 Bebek Be\u015fikta\u015f \/ \u0130stanbul <\/b><span style=\"font-weight: 400;\">.<\/span><\/p>\r\n<p><span style=\"font-weight: 400;\">\u201c<\/span><b>Data Subject<\/b><span style=\"font-weight: 400;\">\u201d, means the natural person, whose personal data are processed,<\/span><\/p>\r\n<p><span style=\"font-weight: 400;\">\u201c<\/span><b>Product(s)<\/b><span style=\"font-weight: 400;\">\u201d, mean the products, which are offered to sale on the Website.\u00a0<\/span><\/p>\r\n<ul>\r\n<li aria-level=\"1\"><b>Principles of Processing of Personal Data<\/b><\/li>\r\n<\/ul>\r\n<p><span style=\"font-weight: 400;\">The Company complies with the general principles required in KVKK regarding processing of personal data.\u00a0<\/span><\/p>\r\n<p><span style=\"font-weight: 400;\">General principles are as follows:<\/span><\/p>\r\n<ol>\r\n<li><span style=\"font-weight: 400;\">a) Lawfulness and fairness\u00a0<\/span><\/li>\r\n<li><span style=\"font-weight: 400;\">b) Being accurate and kept up to date where necessary.<\/span><\/li>\r\n<li><span style=\"font-weight: 400;\">c) Being processed for specified, explicit and legitimate purposes.<\/span><\/li>\r\n<\/ol>\r\n<p><span style=\"font-weight: 400;\">\u00e7) Being relevant, limited and proportionate to the purposes for which they are processed.<\/span><\/p>\r\n<ol>\r\n<li><span style=\"font-weight: 400;\">d) Being stored for the period\u00a0laid down\u00a0by relevant legislation or the period required for the purpose for which the personal data are processed.<\/span><\/li>\r\n<\/ol>\r\n<ul>\r\n<li aria-level=\"1\"><b>Legal Basis for Processing of Personal Data<\/b><\/li>\r\n<\/ul>\r\n<p><span style=\"font-weight: 400;\">The Company processes personal data only when at least one of the following conditions is met in accordance with Article 5 of KVKK.\u00a0<\/span><\/p>\r\n<p><b>Explicit consent of the data subject: <\/b><span style=\"font-weight: 400;\">Data subject\u2019s explicit consent must be with respect to a specific subject matter, be an informed decision and freely given. Personal data is processed for the purposes mentioned in the explicit consent and in compliance with the scope of the consent.\u00a0 There is no need to obtain data subject\u2019s explicit consent only in cases where one of the following conditions is met.<\/span><\/p>\r\n<p><b>It is expressly provided for by the laws: <\/b><span style=\"font-weight: 400;\">Personal data is processed within the limits of the data categories and processing purposes provided for in the relevant law.<\/span><b>\u00a0<\/b><\/p>\r\n<p><b>Impossibility to obtain an explicit consent:<\/b><span style=\"font-weight: 400;\"> Personal data can be processed if it is\u00a0necessary for\u00a0the protection of life or physical integrity of the person himself\/herself or of any other person, who\u00a0is unable to explain his\/her consent due to the physical disability\u00a0or whose consent is not deemed legally valid.<\/span><\/p>\r\n<p><b>Direct relationship with establishment or performing a contract:<\/b><span style=\"font-weight: 400;\"> Personal data can be processed if processing of personal data of the parties of a contract is necessary, provided that it is directly related to and necessary for the establishment or performance of the contract.<\/span><\/p>\r\n<p><b>Legal obligation of the Company: <\/b><span style=\"font-weight: 400;\">Data subject\u2019s personal data can be processed if data processing is required for compliance with a legal obligation to which the data controller is subject.<\/span><\/p>\r\n<p><b>Data subject made their personal data public:<\/b><span style=\"font-weight: 400;\"> If the personal data has been made public by the data subject, such personal data may be processed within the limits of the purpose of making it public.\u00a0<\/span><\/p>\r\n<p><b>Necessary for establishment or protection of a right<\/b><span style=\"font-weight: 400;\">: Data processing is necessary for the establishment or protection of any right.<\/span><\/p>\r\n<p><b>Legitimate interests: <\/b><span style=\"font-weight: 400;\">Processing of data is\u00a0necessary for the legitimate interests of the Company, provided that the processing shall not violate the fundamental rights and freedoms of the data subject.<\/span><\/p>\r\n<ol>\r\n<li style=\"font-weight: 400;\" aria-level=\"1\"><b>Which personal data do we process?\u00a0<\/b><\/li>\r\n<\/ol>\r\n<p><span style=\"font-weight: 400;\">Below table shows which personal data we process and the applicable legal basis.\u00a0<\/span><\/p>\r\n<table>\r\n<tbody>\r\n<tr>\r\n<td>\r\n<p><b>Personal Data<\/b><\/p>\r\n<\/td>\r\n<td>\r\n<p><b>Legal Basis<\/b><\/p>\r\n<\/td>\r\n<\/tr>\r\n<tr>\r\n<td>\r\n<p><span style=\"font-weight: 400;\">Name, last name, title, identity number, tax number and address of the customer\u00a0<\/span><\/p>\r\n<\/td>\r\n<td>\r\n<p><span style=\"font-weight: 400;\">(i) Performance of the sale agreement\u00a0<\/span><\/p>\r\n<p><span style=\"font-weight: 400;\">(ii) Tax laws\u00a0<\/span><\/p>\r\n<\/td>\r\n<\/tr>\r\n<tr>\r\n<td>\r\n<p><span style=\"font-weight: 400;\">Name, last name, address of the customer\u00a0<\/span><\/p>\r\n<\/td>\r\n<td>\r\n<p><span style=\"font-weight: 400;\">Performance of the sale agreement<\/span><\/p>\r\n<\/td>\r\n<\/tr>\r\n<tr>\r\n<td>\r\n<p><span style=\"font-weight: 400;\">Name, last name, title, e-mail address of the customer\u00a0<\/span><\/p>\r\n<\/td>\r\n<td>\r\n<p><span style=\"font-weight: 400;\">Performance of the sale agreement<\/span><\/p>\r\n<\/td>\r\n<\/tr>\r\n<tr>\r\n<td>\r\n<p><span style=\"font-weight: 400;\">Customer invoices<\/span><\/p>\r\n<\/td>\r\n<td>\r\n<p><span style=\"font-weight: 400;\">(i) Tax laws<\/span><\/p>\r\n<p><span style=\"font-weight: 400;\">(ii) To establish or protect a right\u00a0<\/span><\/p>\r\n<\/td>\r\n<\/tr>\r\n<tr>\r\n<td>\r\n<p><span style=\"font-weight: 400;\">Agreements with customers<\/span><\/p>\r\n<\/td>\r\n<td>\r\n<p><span style=\"font-weight: 400;\">To establish or protect a right<\/span><\/p>\r\n<\/td>\r\n<\/tr>\r\n<tr>\r\n<td>\r\n<p><span style=\"font-weight: 400;\">IP address<\/span><\/p>\r\n<\/td>\r\n<td>\r\n<p><span style=\"font-weight: 400;\">Legitimate interest<\/span><\/p>\r\n<\/td>\r\n<\/tr>\r\n<tr>\r\n<td>\r\n<p><span style=\"font-weight: 400;\">E-mail address<\/span><\/p>\r\n<\/td>\r\n<td>\r\n<p><span style=\"font-weight: 400;\">Explicit consent<\/span><\/p>\r\n<\/td>\r\n<\/tr>\r\n<\/tbody>\r\n<\/table>\r\n<ul>\r\n<li aria-level=\"1\"><b>Transfer of personal data to third parties\u00a0<\/b><\/li>\r\n<\/ul>\r\n<p><span style=\"font-weight: 400;\">We need to transfer some of the personal data we receive to third party company or firms that we obtain services from, in compliance with the legal basis of data processing as mentioned above.\u00a0<\/span><\/p>\r\n<ol>\r\n<li><span style=\"font-weight: 400;\">Payments for any purchase from the Website are made through iyzi \u00d6deme ve Elektronik Para Hizmetleri A.\u015e. (iyzico), which is a third party payment solution provider. When you make a purchase on the Website, your identity information, order details and the amount are transferred to iyzico. We do not see your credit card details that you give to iyzico. For more information regarding protection of your personal data, please read privacy policy of iyzico: <\/span><a href=\"https:\/\/www.iyzico.com\/gizlilik-politikasi#gizlilik-kiisel-veri-politikas\"><span style=\"font-weight: 400;\">https:\/\/www.iyzico.com\/gizlilik-politikasi#gizlilik-kiisel-veri-politikas<\/span><\/a><span style=\"font-weight: 400;\">\u00a0<\/span><\/li>\r\n<li><span style=\"font-weight: 400;\">We get hosting services for our Website. Hosting firms are processing the personal data mentioned in above paragraph III as the data processor on our behalf. We sign data processing agreement with hosting firms.\u00a0<\/span><\/li>\r\n<li><span style=\"font-weight: 400;\">We use the services of a third party firm for website design and maintenance. Such firm may have access to personal data while performing its services. We sign a data processing agreement with such firm in accordance with KVKK.\u00a0<\/span><\/li>\r\n<li class=\"wp-block-heading\"><span style=\"font-weight: 400;\">We may share your personal data with law enforcement officers and other authorized bodies when we are required to do so by law or to prevent a crime.\u00a0<\/span><\/li>\r\n<\/ol>\r\n<p>&nbsp;<\/p>\r\n<ul>\r\n<li aria-level=\"1\"><b>Transfer of personal data to third countries\u00a0<\/b><\/li>\r\n<\/ul>\r\n<p><span style=\"font-weight: 400;\">Following personal data may be transferred to third countries.\u00a0<\/span><\/p>\r\n<p><span style=\"font-weight: 400;\">Please read our Cookie Policy to for more details regarding cookies and how you can set your cookie settings.\u00a0<\/span><\/p>\r\n<ul>\r\n<li aria-level=\"1\"><b>Organizational and technical measures regarding protection of personal data\u00a0<\/b><\/li>\r\n<\/ul>\r\n<p><span style=\"font-weight: 400;\">The Company takes the appropriate necessary measures to prevent unlawful processing of and unlawful access to personal data and to protect them in accordance with article 12 of the KVKK.<\/span><\/p>\r\n<ul>\r\n<li aria-level=\"1\"><b>Retention Period of Personal Data<\/b><\/li>\r\n<\/ul>\r\n<p><span style=\"font-weight: 400;\">Once the reason of data processing no longer exists, personal data is either deleted, destroyed or made anonymous.<\/span><\/p>\r\n<ul>\r\n<li aria-level=\"1\"><b>Data Subjects\u2019 Rights<\/b><\/li>\r\n<\/ul>\r\n<p><span style=\"font-weight: 400;\">Data subjects\u2019 rights under article 11 KVKK are as follows:\u00a0<\/span><\/p>\r\n<ol>\r\n<li style=\"font-weight: 400;\" aria-level=\"1\"><span style=\"font-weight: 400;\">to learn whether their personal data are processed or not,<\/span><\/li>\r\n<li style=\"font-weight: 400;\" aria-level=\"1\"><span style=\"font-weight: 400;\">to demand for information if their personal data have been processed,<\/span><\/li>\r\n<li style=\"font-weight: 400;\" aria-level=\"1\"><span style=\"font-weight: 400;\">to learn the purpose of the processing of their personal data and whether these personal data are used\u00a0in compliance with the purpose,<\/span><\/li>\r\n<li style=\"font-weight: 400;\" aria-level=\"1\"><span style=\"font-weight: 400;\">to know the third parties to whom their personal data are transferred in country or abroad,<\/span><\/li>\r\n<li style=\"font-weight: 400;\" aria-level=\"1\"><span style=\"font-weight: 400;\">to request the rectification of the incomplete or inaccurate data, if any,<\/span><\/li>\r\n<li style=\"font-weight: 400;\" aria-level=\"1\"><span style=\"font-weight: 400;\">to request the erasure or destruction of their personal data in accordance with KVKK,<\/span><\/li>\r\n<li style=\"font-weight: 400;\" aria-level=\"1\"><span style=\"font-weight: 400;\">to request reporting of the operations carried out pursuant to sub-paragraphs (e) and (f) to third parties to whom his\/her personal data have been transferred,<\/span><\/li>\r\n<li style=\"font-weight: 400;\" aria-level=\"1\"><span style=\"font-weight: 400;\">to object to the occurrence of a result against the person himself\/herself by analysing the data processed solely through automated systems,<\/span><\/li>\r\n<li style=\"font-weight: 400;\" aria-level=\"1\"><span style=\"font-weight: 400;\">to claim compensation for the damage arising from the unlawful processing of their personal data.<\/span><\/li>\r\n<\/ol>\r\n<p><span style=\"font-weight: 400;\">Data subjects can send their requests regarding their above mentioned rights in writing by using registered electronic mail (KEP), secure electronic signature, mobile signature or e-mail which has been previously notified to the Company.\u00a0\u00a0<\/span><\/p>\r\n<p><span style=\"font-weight: 400;\">Requests shall be concluded at the latest within thirty days free of charge. If the relevant transaction necessitates a cost, a fee can be charged in accordance with the tariff determined by the Board of Personal Data Protection.\u00a0<\/span><b><\/b><\/p>\r\n<ul>\r\n<li aria-level=\"1\"><b>Contact Details<\/b><\/li>\r\n<\/ul>\r\n<p><span style=\"font-weight: 400;\">You can contact us through the following contact details with respect to your questions or concerns regarding this Privacy Policy and your personal data.<\/span><\/p>\r\n<p><b>\u00c7izgi \u0130\u00e7 Mimarl\u0131k\u00a0<\/b><\/p>\r\n<p><b>K\u00fc\u00e7\u00fck Bebek Cad. Yeni Yol \u00c7\u0131kmaz\u0131 No:1 D:7<\/b><\/p>\r\n<p><b>34342 Bebek<\/b><\/p>\r\n<p><b>Be\u015fikta\u015f \/ \u0130stanbul\u00a0<\/b><\/p>\r\n<p><b>https:\/\/www.cizgiicmimarlik.com\/<\/b><span style=\"font-weight: 400;\"><br \/><\/span><span style=\"font-weight: 400;\">info@cizgiicmimarlik.com<\/span><\/p>\r\n<p><span style=\"font-weight: 400;\">+90 212 351 17 00<\/span><\/p>","protected":false},"excerpt":{"rendered":"<p>PRIVACY &amp; PERSONAL DATA PROTECTION\u00a0 AND PROCESSING POLICY (\u201cPRIVACY POLICY\u201d) \u00c7izgi \u0130\u00e7 Mimarl\u0131k\u00a0K\u00fc\u00e7\u00fck Bebek Cad. Yeni Yol \u00c7\u0131kmaz\u0131 No:1 D:734342 BebekBe\u015fikta\u015f \/ \u0130stanbul\u00a0https:\/\/www.cizgiicmimarlik.com\/ 13.02.2026 The Company is the owner of the website located at https:\/\/www.cizgiicmimarlik.com\/ and all the pages and mobile applications affiliated with the website (\u201cWebsite\u201d). The Company acts as the data controller regarding [&hellip;]<\/p>\n","protected":false},"author":1,"featured_media":0,"parent":0,"menu_order":0,"comment_status":"closed","ping_status":"open","template":"","meta":{"footnotes":""},"class_list":["post-14751","page","type-page","status-publish","hentry"],"yoast_head":"<!-- This site is optimized with the Yoast SEO plugin v27.2 - https:\/\/yoast.com\/product\/yoast-seo-wordpress\/ -->\n<title>Privacy Policy - \u00c7izgi Architects<\/title>\n<meta name=\"robots\" content=\"index, follow, max-snippet:-1, max-image-preview:large, max-video-preview:-1\" \/>\n<link rel=\"canonical\" href=\"https:\/\/cizgiicmimarlik.com\/en\/privacy-policy\/\" \/>\n<meta property=\"og:locale\" content=\"tr_TR\" \/>\n<meta property=\"og:type\" content=\"article\" \/>\n<meta property=\"og:title\" content=\"Privacy Policy - \u00c7izgi Architects\" \/>\n<meta property=\"og:description\" content=\"PRIVACY &amp; PERSONAL DATA PROTECTION\u00a0 AND PROCESSING POLICY (\u201cPRIVACY POLICY\u201d) \u00c7izgi \u0130\u00e7 Mimarl\u0131k\u00a0K\u00fc\u00e7\u00fck Bebek Cad. Yeni Yol \u00c7\u0131kmaz\u0131 No:1 D:734342 BebekBe\u015fikta\u015f \/ \u0130stanbul\u00a0https:\/\/www.cizgiicmimarlik.com\/ 13.02.2026 The Company is the owner of the website located at https:\/\/www.cizgiicmimarlik.com\/ and all the pages and mobile applications affiliated with the website (\u201cWebsite\u201d). The Company acts as the data controller regarding [&hellip;]\" \/>\n<meta property=\"og:url\" content=\"https:\/\/cizgiicmimarlik.com\/en\/privacy-policy\/\" \/>\n<meta property=\"og:site_name\" content=\"\u00c7izgi Architects\" \/>\n<meta property=\"article:modified_time\" content=\"2026-02-17T09:37:48+00:00\" \/>\n<meta name=\"twitter:card\" content=\"summary_large_image\" \/>\n<meta name=\"twitter:label1\" content=\"Tahmini okuma s\u00fcresi\" \/>\n\t<meta name=\"twitter:data1\" content=\"7 dakika\" \/>\n<script type=\"application\/ld+json\" class=\"yoast-schema-graph\">{\"@context\":\"https:\/\/schema.org\",\"@graph\":[{\"@type\":\"WebPage\",\"@id\":\"https:\/\/cizgiicmimarlik.com\/en\/privacy-policy\/\",\"url\":\"https:\/\/cizgiicmimarlik.com\/en\/privacy-policy\/\",\"name\":\"Privacy Policy - \u00c7izgi Architects\",\"isPartOf\":{\"@id\":\"https:\/\/cizgiicmimarlik.com\/en\/#website\"},\"datePublished\":\"2025-04-15T02:56:27+00:00\",\"dateModified\":\"2026-02-17T09:37:48+00:00\",\"breadcrumb\":{\"@id\":\"https:\/\/cizgiicmimarlik.com\/en\/privacy-policy\/#breadcrumb\"},\"inLanguage\":\"tr\",\"potentialAction\":[{\"@type\":\"ReadAction\",\"target\":[\"https:\/\/cizgiicmimarlik.com\/en\/privacy-policy\/\"]}]},{\"@type\":\"BreadcrumbList\",\"@id\":\"https:\/\/cizgiicmimarlik.com\/en\/privacy-policy\/#breadcrumb\",\"itemListElement\":[{\"@type\":\"ListItem\",\"position\":1,\"name\":\"Anasayfa\",\"item\":\"https:\/\/cizgiicmimarlik.com\/en\/\"},{\"@type\":\"ListItem\",\"position\":2,\"name\":\"Privacy Policy\"}]},{\"@type\":\"WebSite\",\"@id\":\"https:\/\/cizgiicmimarlik.com\/en\/#website\",\"url\":\"https:\/\/cizgiicmimarlik.com\/en\/\",\"name\":\"\u00c7izgi Architects\",\"description\":\"ARCHITECTURE DESIGN CONSTRUCTION\",\"publisher\":{\"@id\":\"https:\/\/cizgiicmimarlik.com\/en\/#organization\"},\"potentialAction\":[{\"@type\":\"SearchAction\",\"target\":{\"@type\":\"EntryPoint\",\"urlTemplate\":\"https:\/\/cizgiicmimarlik.com\/en\/?s={search_term_string}\"},\"query-input\":{\"@type\":\"PropertyValueSpecification\",\"valueRequired\":true,\"valueName\":\"search_term_string\"}}],\"inLanguage\":\"tr\"},{\"@type\":\"Organization\",\"@id\":\"https:\/\/cizgiicmimarlik.com\/en\/#organization\",\"name\":\"\u00c7izgi Architects\",\"url\":\"https:\/\/cizgiicmimarlik.com\/en\/\",\"logo\":{\"@type\":\"ImageObject\",\"inLanguage\":\"tr\",\"@id\":\"https:\/\/cizgiicmimarlik.com\/en\/#\/schema\/logo\/image\/\",\"url\":\"https:\/\/cizgiicmimarlik.com\/en\/wp-content\/uploads\/sites\/2\/2025\/08\/cizgiArch-logo.png\",\"contentUrl\":\"https:\/\/cizgiicmimarlik.com\/en\/wp-content\/uploads\/sites\/2\/2025\/08\/cizgiArch-logo.png\",\"width\":320,\"height\":256,\"caption\":\"\u00c7izgi Architects\"},\"image\":{\"@id\":\"https:\/\/cizgiicmimarlik.com\/en\/#\/schema\/logo\/image\/\"}}]}<\/script>\n<!-- \/ Yoast SEO plugin. -->","yoast_head_json":{"title":"Privacy Policy - \u00c7izgi Architects","robots":{"index":"index","follow":"follow","max-snippet":"max-snippet:-1","max-image-preview":"max-image-preview:large","max-video-preview":"max-video-preview:-1"},"canonical":"https:\/\/cizgiicmimarlik.com\/en\/privacy-policy\/","og_locale":"tr_TR","og_type":"article","og_title":"Privacy Policy - \u00c7izgi Architects","og_description":"PRIVACY &amp; PERSONAL DATA PROTECTION\u00a0 AND PROCESSING POLICY (\u201cPRIVACY POLICY\u201d) \u00c7izgi \u0130\u00e7 Mimarl\u0131k\u00a0K\u00fc\u00e7\u00fck Bebek Cad. Yeni Yol \u00c7\u0131kmaz\u0131 No:1 D:734342 BebekBe\u015fikta\u015f \/ \u0130stanbul\u00a0https:\/\/www.cizgiicmimarlik.com\/ 13.02.2026 The Company is the owner of the website located at https:\/\/www.cizgiicmimarlik.com\/ and all the pages and mobile applications affiliated with the website (\u201cWebsite\u201d). The Company acts as the data controller regarding [&hellip;]","og_url":"https:\/\/cizgiicmimarlik.com\/en\/privacy-policy\/","og_site_name":"\u00c7izgi Architects","article_modified_time":"2026-02-17T09:37:48+00:00","twitter_card":"summary_large_image","twitter_misc":{"Tahmini okuma s\u00fcresi":"7 dakika"},"schema":{"@context":"https:\/\/schema.org","@graph":[{"@type":"WebPage","@id":"https:\/\/cizgiicmimarlik.com\/en\/privacy-policy\/","url":"https:\/\/cizgiicmimarlik.com\/en\/privacy-policy\/","name":"Privacy Policy - \u00c7izgi Architects","isPartOf":{"@id":"https:\/\/cizgiicmimarlik.com\/en\/#website"},"datePublished":"2025-04-15T02:56:27+00:00","dateModified":"2026-02-17T09:37:48+00:00","breadcrumb":{"@id":"https:\/\/cizgiicmimarlik.com\/en\/privacy-policy\/#breadcrumb"},"inLanguage":"tr","potentialAction":[{"@type":"ReadAction","target":["https:\/\/cizgiicmimarlik.com\/en\/privacy-policy\/"]}]},{"@type":"BreadcrumbList","@id":"https:\/\/cizgiicmimarlik.com\/en\/privacy-policy\/#breadcrumb","itemListElement":[{"@type":"ListItem","position":1,"name":"Anasayfa","item":"https:\/\/cizgiicmimarlik.com\/en\/"},{"@type":"ListItem","position":2,"name":"Privacy Policy"}]},{"@type":"WebSite","@id":"https:\/\/cizgiicmimarlik.com\/en\/#website","url":"https:\/\/cizgiicmimarlik.com\/en\/","name":"\u00c7izgi Architects","description":"ARCHITECTURE DESIGN CONSTRUCTION","publisher":{"@id":"https:\/\/cizgiicmimarlik.com\/en\/#organization"},"potentialAction":[{"@type":"SearchAction","target":{"@type":"EntryPoint","urlTemplate":"https:\/\/cizgiicmimarlik.com\/en\/?s={search_term_string}"},"query-input":{"@type":"PropertyValueSpecification","valueRequired":true,"valueName":"search_term_string"}}],"inLanguage":"tr"},{"@type":"Organization","@id":"https:\/\/cizgiicmimarlik.com\/en\/#organization","name":"\u00c7izgi Architects","url":"https:\/\/cizgiicmimarlik.com\/en\/","logo":{"@type":"ImageObject","inLanguage":"tr","@id":"https:\/\/cizgiicmimarlik.com\/en\/#\/schema\/logo\/image\/","url":"https:\/\/cizgiicmimarlik.com\/en\/wp-content\/uploads\/sites\/2\/2025\/08\/cizgiArch-logo.png","contentUrl":"https:\/\/cizgiicmimarlik.com\/en\/wp-content\/uploads\/sites\/2\/2025\/08\/cizgiArch-logo.png","width":320,"height":256,"caption":"\u00c7izgi Architects"},"image":{"@id":"https:\/\/cizgiicmimarlik.com\/en\/#\/schema\/logo\/image\/"}}]}},"_links":{"self":[{"href":"https:\/\/cizgiicmimarlik.com\/en\/wp-json\/wp\/v2\/pages\/14751","targetHints":{"allow":["GET"]}}],"collection":[{"href":"https:\/\/cizgiicmimarlik.com\/en\/wp-json\/wp\/v2\/pages"}],"about":[{"href":"https:\/\/cizgiicmimarlik.com\/en\/wp-json\/wp\/v2\/types\/page"}],"author":[{"embeddable":true,"href":"https:\/\/cizgiicmimarlik.com\/en\/wp-json\/wp\/v2\/users\/1"}],"replies":[{"embeddable":true,"href":"https:\/\/cizgiicmimarlik.com\/en\/wp-json\/wp\/v2\/comments?post=14751"}],"version-history":[{"count":1,"href":"https:\/\/cizgiicmimarlik.com\/en\/wp-json\/wp\/v2\/pages\/14751\/revisions"}],"predecessor-version":[{"id":16726,"href":"https:\/\/cizgiicmimarlik.com\/en\/wp-json\/wp\/v2\/pages\/14751\/revisions\/16726"}],"wp:attachment":[{"href":"https:\/\/cizgiicmimarlik.com\/en\/wp-json\/wp\/v2\/media?parent=14751"}],"curies":[{"name":"wp","href":"https:\/\/api.w.org\/{rel}","templated":true}]}}