{"id":12031,"date":"2025-07-23T03:16:58","date_gmt":"2025-07-23T03:16:58","guid":{"rendered":"https:\/\/nordic.casethemes.net\/?page_id=12031"},"modified":"2026-02-09T23:30:33","modified_gmt":"2026-02-09T20:30:33","slug":"history","status":"publish","type":"page","link":"https:\/\/cizgiicmimarlik.com\/en\/history\/","title":{"rendered":"TAR\u0130H\u00c7E"},"content":{"rendered":"\t\t<div data-elementor-type=\"wp-page\" data-elementor-id=\"12031\" class=\"elementor elementor-12031\">\n\t\t\t\t<div class=\"elementor-element elementor-element-428662f e-con-full e-flex pxl-column-none pxl-row-scroll-none pxl-zoom-point-false pxl-section-overflow-visible pxl-section-fix-none pxl-full-content-with-space-none pxl-bg-color-none pxl-section-overlay-none e-con e-parent \" data-id=\"428662f\" data-element_type=\"container\" data-e-type=\"container\" data-settings=\"{&quot;background_background&quot;:&quot;classic&quot;}\"><div class=\"elementor-element elementor-element-bda9de7 e-con-full e-flex pxl-column-none pxl-row-scroll-none pxl-zoom-point-false pxl-section-overflow-visible pxl-section-fix-none pxl-full-content-with-space-none pxl-bg-color-none pxl-section-overlay-none e-con e-child \" data-id=\"bda9de7\" data-element_type=\"container\" data-e-type=\"container\">\t\t<div class=\"elementor-element elementor-element-7bb7c4f elementor-widget elementor-widget-pxl_image_carousel\" data-id=\"7bb7c4f\" data-element_type=\"widget\" data-e-type=\"widget\" data-widget_type=\"pxl_image_carousel.default\">\n\t\t\t\t<div class=\"elementor-widget-container\">\n\t\t\t\t\t    <div class=\"pxl-swiper-slider pxl-image-carousel pxl-image-carousel2 \" >\n        <div class=\"pxl-carousel-inner\">\n            <div class=\"pxl-swiper-container\" dir=\"ltr\" data-settings=\"{&quot;slide_direction&quot;:&quot;horizontal&quot;,&quot;slide_percolumn&quot;:1,&quot;slide_mode&quot;:&quot;slide&quot;,&quot;slides_to_show&quot;:1,&quot;slides_to_show_xxl&quot;:1,&quot;slides_to_show_lg&quot;:1,&quot;slides_to_show_md&quot;:1,&quot;slides_to_show_sm&quot;:1,&quot;slides_to_show_xs&quot;:1,&quot;slides_to_scroll&quot;:1,&quot;arrow&quot;:false,&quot;pagination&quot;:false,&quot;pagination_type&quot;:&quot;bullets&quot;,&quot;autoplay&quot;:true,&quot;pause_on_hover&quot;:false,&quot;pause_on_interaction&quot;:true,&quot;delay&quot;:5000,&quot;loop&quot;:false,&quot;speed&quot;:500}\">\n                <div class=\"pxl-swiper-wrapper\">\n                    \n                         <div class=\"pxl-swiper-slide\">\n                            <div id=\"pxl_image_carousel-7bb7c4f-43060\" class=\"pxl-item--inner\" style=\"background-image: url(https:\/\/cizgiicmimarlik.com\/en\/wp-content\/uploads\/2026\/01\/HAKKIMIZDA_TARIHCE-A.jpg);\"><\/div>\n                        <\/div>\n                    \n                         <div class=\"pxl-swiper-slide\">\n                            <div id=\"pxl_image_carousel-7bb7c4f-43061\" class=\"pxl-item--inner\" style=\"background-image: url(https:\/\/cizgiicmimarlik.com\/en\/wp-content\/uploads\/2026\/01\/HAKKIMIZDA_TARIHCE-B.jpg);\"><\/div>\n                        <\/div>\n                                    <\/div>\n            <\/div>\n            \n            \n                        \n        <\/div>\n    <\/div>\n\t\t\t\t<\/div>\n\t\t\t\t<\/div>\n\t\t\t\t<\/div>\r\n\t\t<div class=\"elementor-element elementor-element-0183d04 e-con-full e-flex pxl-column-none pxl-row-scroll-none pxl-zoom-point-false pxl-section-overflow-visible pxl-section-fix-none pxl-full-content-with-space-none pxl-bg-color-none pxl-section-overlay-none e-con e-child \" data-id=\"0183d04\" data-element_type=\"container\" data-e-type=\"container\" data-settings=\"{&quot;background_background&quot;:&quot;classic&quot;}\"><div class=\"elementor-element elementor-element-7c51dd4 e-con-full e-flex pxl-column-none pxl-row-scroll-none pxl-zoom-point-false pxl-section-overflow-visible pxl-section-fix-none pxl-full-content-with-space-none pxl-bg-color-none pxl-section-overlay-none e-con e-child \" data-id=\"7c51dd4\" data-element_type=\"container\" data-e-type=\"container\"><div class=\"elementor-element elementor-element-512aaa7 e-con-full e-flex pxl-column-none pxl-row-scroll-none pxl-zoom-point-false pxl-section-overflow-visible pxl-section-fix-none pxl-full-content-with-space-none pxl-bg-color-none pxl-section-overlay-none e-con e-child \" data-id=\"512aaa7\" data-element_type=\"container\" data-e-type=\"container\"><div class=\"elementor-element elementor-element-69316c6 e-con-full e-flex pxl-column-none pxl-row-scroll-none pxl-zoom-point-false pxl-section-overflow-visible pxl-section-fix-none pxl-full-content-with-space-none pxl-bg-color-none pxl-section-overlay-none e-con e-child \" data-id=\"69316c6\" data-element_type=\"container\" data-e-type=\"container\">\t\t<div class=\"elementor-element elementor-element-8c2e1b9 elementor-widget__width-initial elementor-absolute elementor-widget elementor-widget-pxl_border_animate\" data-id=\"8c2e1b9\" data-element_type=\"widget\" data-e-type=\"widget\" data-settings=\"{&quot;_position&quot;:&quot;absolute&quot;}\" data-widget_type=\"pxl_border_animate.default\">\n\t\t\t\t<div class=\"elementor-widget-container\">\n\t\t\t\t\t<div class=\"pxl-border-animate pxl-border-animate1 default\">\r\n  <div class=\"pxl-border-inner \" data-wow-delay=\"ms\"><\/div>\r\n<\/div>\t\t\t\t<\/div>\n\t\t\t\t<\/div>\n\t\t\t\t<div class=\"elementor-element elementor-element-f3c3ce7 elementor-widget elementor-widget-pxl_text_editor\" data-id=\"f3c3ce7\" data-element_type=\"widget\" data-e-type=\"widget\" data-widget_type=\"pxl_text_editor.default\">\n\t\t\t\t<div class=\"elementor-widget-container\">\n\t\t\t\t\t<div class=\"pxl-text-editor\">\n\t<div class=\"pxl-item--inner style-default wow fadeInLeft\" data-wow-delay=\"500ms\">\n\t\t<p>Almost 40 Years of ExperIence<\/p>\t\t\n\t<\/div>\n<\/div>\t\t\t\t<\/div>\n\t\t\t\t<\/div>\n\t\t\t\t<div class=\"elementor-element elementor-element-c23a796 elementor-widget__width-initial elementor-absolute elementor-widget elementor-widget-pxl_border_animate\" data-id=\"c23a796\" data-element_type=\"widget\" data-e-type=\"widget\" data-settings=\"{&quot;_position&quot;:&quot;absolute&quot;}\" data-widget_type=\"pxl_border_animate.default\">\n\t\t\t\t<div class=\"elementor-widget-container\">\n\t\t\t\t\t<div class=\"pxl-border-animate pxl-border-animate1 default\">\r\n  <div class=\"pxl-border-inner \" data-wow-delay=\"ms\"><\/div>\r\n<\/div>\t\t\t\t<\/div>\n\t\t\t\t<\/div>\n\t\t\t\t<\/div>\r\n\t\t\t\t<div class=\"elementor-element elementor-element-a36f4dd elementor-widget elementor-widget-pxl_text_editor\" data-id=\"a36f4dd\" data-element_type=\"widget\" data-e-type=\"widget\" data-widget_type=\"pxl_text_editor.default\">\n\t\t\t\t<div class=\"elementor-widget-container\">\n\t\t\t\t\t<div class=\"pxl-text-editor\">\n\t<div class=\"pxl-item--inner style-default \" data-wow-delay=\"ms\">\n\t\t<p>We deepen our architectural expertise with every project, drawing strength from our deep-rooted history. Growing together with our solution partners, we create lasting values that leave a mark on the future.<\/p>\t\t\n\t<\/div>\n<\/div>\t\t\t\t<\/div>\n\t\t\t\t<\/div>\n\t\t\t\t<\/div>\r\n\t\t\t\t<\/div>\r\n\t\t<div class=\"elementor-element elementor-element-18fe4ea e-con-full e-flex pxl-column-none pxl-row-scroll-none pxl-zoom-point-false pxl-section-overflow-visible pxl-section-fix-none pxl-full-content-with-space-none pxl-bg-color-none pxl-section-overlay-none e-con e-child \" data-id=\"18fe4ea\" data-element_type=\"container\" data-e-type=\"container\">\t\t<div class=\"elementor-element elementor-element-3d58ee1 elementor-widget elementor-widget-pxl_process_carousel\" data-id=\"3d58ee1\" data-element_type=\"widget\" data-e-type=\"widget\" data-widget_type=\"pxl_process_carousel.default\">\n\t\t\t\t<div class=\"elementor-widget-container\">\n\t\t\t\t\t    <div class=\"pxl-swiper-slider pxl-process-carousel pxl-process-carousel2 style-default\" >\n        <div class=\"pxl-carousel-inner \" data-wow-delay=\"ms\">\n            <div class=\"pxl-item-slider pxl-drag-area\">\n                <div class=\"pxl-swiper-container\" dir=\"ltr\" data-settings=\"{&quot;slide_direction&quot;:&quot;horizontal&quot;,&quot;slide_percolumn&quot;:1,&quot;slide_mode&quot;:&quot;slide&quot;,&quot;slides_to_show&quot;:3,&quot;slides_to_show_xxl&quot;:3,&quot;slides_to_show_lg&quot;:3,&quot;slides_to_show_md&quot;:2,&quot;slides_to_show_sm&quot;:2,&quot;slides_to_show_xs&quot;:1,&quot;slides_to_scroll&quot;:1,&quot;arrow&quot;:false,&quot;pagination&quot;:false,&quot;pagination_type&quot;:&quot;bullets&quot;,&quot;autoplay&quot;:false,&quot;pause_on_hover&quot;:false,&quot;pause_on_interaction&quot;:true,&quot;delay&quot;:5000,&quot;loop&quot;:true,&quot;speed&quot;:500}\">\n                    <div class=\"pxl-swiper-wrapper\">\n                                                    <div class=\"pxl-swiper-slide\">\n                                <div class=\"pxl-item-inner\">\n                                    <div class=\"pxl-item-number\"> \n                                        1986                                    <\/div>\n                                    <div class=\"pxl-item-line\">\n                                        <span>\n                                            <svg width=\"434\" height=\"12\" viewBox=\"0 0 434 12\" fill=\"none\" xmlns=\"http:\/\/www.w3.org\/2000\/svg\">\n                                              <path d=\"M433.774 6L428 0.226497L422.227 6L428 11.7735L433.774 6ZM0 6V7H428V6V5H0V6Z\" fill=\"url(#paint0_linear_5735_433)\"\/>\n                                              <defs>\n                                                <linearGradient id=\"paint0_linear_5735_433\" x1=\"0\" y1=\"7.5\" x2=\"428\" y2=\"7.5\" gradientUnits=\"userSpaceOnUse\">\n                                                  <stop stop-color=\"white\" stop-opacity=\"0\"\/>\n                                                  <stop offset=\"1\" stop-color=\"white\"\/>\n                                                <\/linearGradient>\n                                              <\/defs>\n                                            <\/svg>\n                                        <\/span>\n                                    <\/div>\n                                    <h6 class=\"pxl-item-title\"> \n                                        THE BEGINNING OF A DESIGN JOURNEY                                    <\/h6>\n                                    <div class=\"pxl-item--desc\">\u00c7izgi Interior Architecture was founded by Harika Akad and Ercan Y\u0131lmaz with a vision to give spaces a unique and qualified identity. From day one, it adopted a design line that combines creativity with function.<\/div>\n                               <\/div>\n                            <\/div>\n                                                    <div class=\"pxl-swiper-slide\">\n                                <div class=\"pxl-item-inner\">\n                                    <div class=\"pxl-item-number\"> \n                                        2014                                    <\/div>\n                                    <div class=\"pxl-item-line\">\n                                        <span>\n                                            <svg width=\"434\" height=\"12\" viewBox=\"0 0 434 12\" fill=\"none\" xmlns=\"http:\/\/www.w3.org\/2000\/svg\">\n                                              <path d=\"M433.774 6L428 0.226497L422.227 6L428 11.7735L433.774 6ZM0 6V7H428V6V5H0V6Z\" fill=\"url(#paint0_linear_5735_433)\"\/>\n                                              <defs>\n                                                <linearGradient id=\"paint0_linear_5735_433\" x1=\"0\" y1=\"7.5\" x2=\"428\" y2=\"7.5\" gradientUnits=\"userSpaceOnUse\">\n                                                  <stop stop-color=\"white\" stop-opacity=\"0\"\/>\n                                                  <stop offset=\"1\" stop-color=\"white\"\/>\n                                                <\/linearGradient>\n                                              <\/defs>\n                                            <\/svg>\n                                        <\/span>\n                                    <\/div>\n                                    <h6 class=\"pxl-item-title\"> \n                                        INTERNATIONAL SUCCESS AND RECOGNITION                                    <\/h6>\n                                    <div class=\"pxl-item--desc\">Hypnos Design Hotel, designed by \u00c7izgi, proved our design power on a global scale by receiving the 'Best City Boutique Hotel in the Middle East' award at the World Boutique Hotel Awards in London.<\/div>\n                               <\/div>\n                            <\/div>\n                                                    <div class=\"pxl-swiper-slide\">\n                                <div class=\"pxl-item-inner\">\n                                    <div class=\"pxl-item-number\"> \n                                        PRESENT                                    <\/div>\n                                    <div class=\"pxl-item-line\">\n                                        <span>\n                                            <svg width=\"434\" height=\"12\" viewBox=\"0 0 434 12\" fill=\"none\" xmlns=\"http:\/\/www.w3.org\/2000\/svg\">\n                                              <path d=\"M433.774 6L428 0.226497L422.227 6L428 11.7735L433.774 6ZM0 6V7H428V6V5H0V6Z\" fill=\"url(#paint0_linear_5735_433)\"\/>\n                                              <defs>\n                                                <linearGradient id=\"paint0_linear_5735_433\" x1=\"0\" y1=\"7.5\" x2=\"428\" y2=\"7.5\" gradientUnits=\"userSpaceOnUse\">\n                                                  <stop stop-color=\"white\" stop-opacity=\"0\"\/>\n                                                  <stop offset=\"1\" stop-color=\"white\"\/>\n                                                <\/linearGradient>\n                                              <\/defs>\n                                            <\/svg>\n                                        <\/span>\n                                    <\/div>\n                                    <h6 class=\"pxl-item-title\"> \n                                        MULTI-FACETED EXPERTISE                                    <\/h6>\n                                    <div class=\"pxl-item--desc\">Today, with a broad portfolio ranging from offices to hotels, showrooms to high-end residential projects, we continue our professional practice in our Istanbul-based office with nearly 40 years of experience.<\/div>\n                               <\/div>\n                            <\/div>\n                                            <\/div>\n                <\/div>\n            <\/div>\n            \n                        \n        <\/div>\n    <\/div>\n\t\t\t\t<\/div>\n\t\t\t\t<\/div>\n\t\t\t\t<\/div>\r\n\t\t\t\t<\/div>\r\n\t\t\t\t<\/div>\r\n\t\t\t\t<\/div>\n\t\t","protected":false},"excerpt":{"rendered":"<p>Almost 40 Years of ExperIence We deepen our architectural expertise with every project, drawing strength from our deep-rooted history. Growing together with our solution partners, we create lasting values that leave a mark on the future. 1986 THE BEGINNING OF A DESIGN JOURNEY \u00c7izgi Interior Architecture was founded by Harika Akad and Ercan Y\u0131lmaz with [&hellip;]<\/p>\n","protected":false},"author":1,"featured_media":0,"parent":0,"menu_order":0,"comment_status":"closed","ping_status":"closed","template":"","meta":{"footnotes":""},"class_list":["post-12031","page","type-page","status-publish","hentry"],"yoast_head":"<!-- This site is optimized with the Yoast SEO plugin v27.2 - https:\/\/yoast.com\/product\/yoast-seo-wordpress\/ -->\n<title>TAR\u0130H\u00c7E - \u00c7izgi Architects<\/title>\n<meta name=\"robots\" content=\"index, follow, max-snippet:-1, max-image-preview:large, max-video-preview:-1\" \/>\n<link rel=\"canonical\" href=\"https:\/\/cizgiicmimarlik.com\/en\/history\/\" \/>\n<meta property=\"og:locale\" content=\"tr_TR\" \/>\n<meta property=\"og:type\" content=\"article\" \/>\n<meta property=\"og:title\" content=\"TAR\u0130H\u00c7E - \u00c7izgi Architects\" \/>\n<meta property=\"og:description\" content=\"Almost 40 Years of ExperIence We deepen our architectural expertise with every project, drawing strength from our deep-rooted history. Growing together with our solution partners, we create lasting values that leave a mark on the future. 1986 THE BEGINNING OF A DESIGN JOURNEY \u00c7izgi Interior Architecture was founded by Harika Akad and Ercan Y\u0131lmaz with [&hellip;]\" \/>\n<meta property=\"og:url\" content=\"https:\/\/cizgiicmimarlik.com\/en\/history\/\" \/>\n<meta property=\"og:site_name\" content=\"\u00c7izgi Architects\" \/>\n<meta property=\"article:modified_time\" content=\"2026-02-09T20:30:33+00:00\" \/>\n<meta name=\"twitter:card\" content=\"summary_large_image\" \/>\n<meta name=\"twitter:label1\" content=\"Tahmini okuma s\u00fcresi\" \/>\n\t<meta name=\"twitter:data1\" content=\"1 dakika\" \/>\n<script type=\"application\/ld+json\" class=\"yoast-schema-graph\">{\"@context\":\"https:\/\/schema.org\",\"@graph\":[{\"@type\":\"WebPage\",\"@id\":\"https:\/\/cizgiicmimarlik.com\/en\/history\/\",\"url\":\"https:\/\/cizgiicmimarlik.com\/en\/history\/\",\"name\":\"TAR\u0130H\u00c7E - \u00c7izgi Architects\",\"isPartOf\":{\"@id\":\"https:\/\/cizgiicmimarlik.com\/en\/#website\"},\"datePublished\":\"2025-07-23T03:16:58+00:00\",\"dateModified\":\"2026-02-09T20:30:33+00:00\",\"breadcrumb\":{\"@id\":\"https:\/\/cizgiicmimarlik.com\/en\/history\/#breadcrumb\"},\"inLanguage\":\"tr\",\"potentialAction\":[{\"@type\":\"ReadAction\",\"target\":[\"https:\/\/cizgiicmimarlik.com\/en\/history\/\"]}]},{\"@type\":\"BreadcrumbList\",\"@id\":\"https:\/\/cizgiicmimarlik.com\/en\/history\/#breadcrumb\",\"itemListElement\":[{\"@type\":\"ListItem\",\"position\":1,\"name\":\"Anasayfa\",\"item\":\"https:\/\/cizgiicmimarlik.com\/en\/\"},{\"@type\":\"ListItem\",\"position\":2,\"name\":\"TAR\u0130H\u00c7E\"}]},{\"@type\":\"WebSite\",\"@id\":\"https:\/\/cizgiicmimarlik.com\/en\/#website\",\"url\":\"https:\/\/cizgiicmimarlik.com\/en\/\",\"name\":\"\u00c7izgi Architects\",\"description\":\"ARCHITECTURE DESIGN CONSTRUCTION\",\"publisher\":{\"@id\":\"https:\/\/cizgiicmimarlik.com\/en\/#organization\"},\"potentialAction\":[{\"@type\":\"SearchAction\",\"target\":{\"@type\":\"EntryPoint\",\"urlTemplate\":\"https:\/\/cizgiicmimarlik.com\/en\/?s={search_term_string}\"},\"query-input\":{\"@type\":\"PropertyValueSpecification\",\"valueRequired\":true,\"valueName\":\"search_term_string\"}}],\"inLanguage\":\"tr\"},{\"@type\":\"Organization\",\"@id\":\"https:\/\/cizgiicmimarlik.com\/en\/#organization\",\"name\":\"\u00c7izgi Architects\",\"url\":\"https:\/\/cizgiicmimarlik.com\/en\/\",\"logo\":{\"@type\":\"ImageObject\",\"inLanguage\":\"tr\",\"@id\":\"https:\/\/cizgiicmimarlik.com\/en\/#\/schema\/logo\/image\/\",\"url\":\"https:\/\/cizgiicmimarlik.com\/en\/wp-content\/uploads\/sites\/2\/2025\/08\/cizgiArch-logo.png\",\"contentUrl\":\"https:\/\/cizgiicmimarlik.com\/en\/wp-content\/uploads\/sites\/2\/2025\/08\/cizgiArch-logo.png\",\"width\":320,\"height\":256,\"caption\":\"\u00c7izgi Architects\"},\"image\":{\"@id\":\"https:\/\/cizgiicmimarlik.com\/en\/#\/schema\/logo\/image\/\"}}]}<\/script>\n<!-- \/ Yoast SEO plugin. -->","yoast_head_json":{"title":"TAR\u0130H\u00c7E - \u00c7izgi Architects","robots":{"index":"index","follow":"follow","max-snippet":"max-snippet:-1","max-image-preview":"max-image-preview:large","max-video-preview":"max-video-preview:-1"},"canonical":"https:\/\/cizgiicmimarlik.com\/en\/history\/","og_locale":"tr_TR","og_type":"article","og_title":"TAR\u0130H\u00c7E - \u00c7izgi Architects","og_description":"Almost 40 Years of ExperIence We deepen our architectural expertise with every project, drawing strength from our deep-rooted history. Growing together with our solution partners, we create lasting values that leave a mark on the future. 1986 THE BEGINNING OF A DESIGN JOURNEY \u00c7izgi Interior Architecture was founded by Harika Akad and Ercan Y\u0131lmaz with [&hellip;]","og_url":"https:\/\/cizgiicmimarlik.com\/en\/history\/","og_site_name":"\u00c7izgi Architects","article_modified_time":"2026-02-09T20:30:33+00:00","twitter_card":"summary_large_image","twitter_misc":{"Tahmini okuma s\u00fcresi":"1 dakika"},"schema":{"@context":"https:\/\/schema.org","@graph":[{"@type":"WebPage","@id":"https:\/\/cizgiicmimarlik.com\/en\/history\/","url":"https:\/\/cizgiicmimarlik.com\/en\/history\/","name":"TAR\u0130H\u00c7E - \u00c7izgi Architects","isPartOf":{"@id":"https:\/\/cizgiicmimarlik.com\/en\/#website"},"datePublished":"2025-07-23T03:16:58+00:00","dateModified":"2026-02-09T20:30:33+00:00","breadcrumb":{"@id":"https:\/\/cizgiicmimarlik.com\/en\/history\/#breadcrumb"},"inLanguage":"tr","potentialAction":[{"@type":"ReadAction","target":["https:\/\/cizgiicmimarlik.com\/en\/history\/"]}]},{"@type":"BreadcrumbList","@id":"https:\/\/cizgiicmimarlik.com\/en\/history\/#breadcrumb","itemListElement":[{"@type":"ListItem","position":1,"name":"Anasayfa","item":"https:\/\/cizgiicmimarlik.com\/en\/"},{"@type":"ListItem","position":2,"name":"TAR\u0130H\u00c7E"}]},{"@type":"WebSite","@id":"https:\/\/cizgiicmimarlik.com\/en\/#website","url":"https:\/\/cizgiicmimarlik.com\/en\/","name":"\u00c7izgi Architects","description":"ARCHITECTURE DESIGN CONSTRUCTION","publisher":{"@id":"https:\/\/cizgiicmimarlik.com\/en\/#organization"},"potentialAction":[{"@type":"SearchAction","target":{"@type":"EntryPoint","urlTemplate":"https:\/\/cizgiicmimarlik.com\/en\/?s={search_term_string}"},"query-input":{"@type":"PropertyValueSpecification","valueRequired":true,"valueName":"search_term_string"}}],"inLanguage":"tr"},{"@type":"Organization","@id":"https:\/\/cizgiicmimarlik.com\/en\/#organization","name":"\u00c7izgi Architects","url":"https:\/\/cizgiicmimarlik.com\/en\/","logo":{"@type":"ImageObject","inLanguage":"tr","@id":"https:\/\/cizgiicmimarlik.com\/en\/#\/schema\/logo\/image\/","url":"https:\/\/cizgiicmimarlik.com\/en\/wp-content\/uploads\/sites\/2\/2025\/08\/cizgiArch-logo.png","contentUrl":"https:\/\/cizgiicmimarlik.com\/en\/wp-content\/uploads\/sites\/2\/2025\/08\/cizgiArch-logo.png","width":320,"height":256,"caption":"\u00c7izgi Architects"},"image":{"@id":"https:\/\/cizgiicmimarlik.com\/en\/#\/schema\/logo\/image\/"}}]}},"_links":{"self":[{"href":"https:\/\/cizgiicmimarlik.com\/en\/wp-json\/wp\/v2\/pages\/12031","targetHints":{"allow":["GET"]}}],"collection":[{"href":"https:\/\/cizgiicmimarlik.com\/en\/wp-json\/wp\/v2\/pages"}],"about":[{"href":"https:\/\/cizgiicmimarlik.com\/en\/wp-json\/wp\/v2\/types\/page"}],"author":[{"embeddable":true,"href":"https:\/\/cizgiicmimarlik.com\/en\/wp-json\/wp\/v2\/users\/1"}],"replies":[{"embeddable":true,"href":"https:\/\/cizgiicmimarlik.com\/en\/wp-json\/wp\/v2\/comments?post=12031"}],"version-history":[{"count":26,"href":"https:\/\/cizgiicmimarlik.com\/en\/wp-json\/wp\/v2\/pages\/12031\/revisions"}],"predecessor-version":[{"id":16592,"href":"https:\/\/cizgiicmimarlik.com\/en\/wp-json\/wp\/v2\/pages\/12031\/revisions\/16592"}],"wp:attachment":[{"href":"https:\/\/cizgiicmimarlik.com\/en\/wp-json\/wp\/v2\/media?parent=12031"}],"curies":[{"name":"wp","href":"https:\/\/api.w.org\/{rel}","templated":true}]}}